{"id":1068,"date":"2024-12-18T10:16:56","date_gmt":"2024-12-18T10:16:56","guid":{"rendered":"https:\/\/afridana.lemonmarketing.dk\/?post_type=product&#038;p=1068"},"modified":"2025-02-17T19:18:35","modified_gmt":"2025-02-17T19:18:35","slug":"propylene-glycol-monomethyl-ether-acetate-idh484431-4l","status":"publish","type":"product","link":"https:\/\/afridana.dk\/en\/product\/propylene-glycol-monomethyl-ether-acetate-idh484431-4l\/","title":{"rendered":"Propylene glycol monomethyl ether acetate IDH484431 4L"},"content":{"rendered":"","protected":false},"excerpt":{"rendered":"","protected":false},"featured_media":1065,"template":"","meta":{"_acf_changed":false,"content-type":"","inline_featured_image":false},"product_brand":[],"product_cat":[24],"product_tag":[],"class_list":{"0":"post-1068","1":"product","2":"type-product","3":"status-publish","4":"has-post-thumbnail","6":"product_cat-fine-line-printing","7":"pa_producent-merck","9":"first","10":"instock","11":"shipping-taxable","12":"product-type-simple"},"acf":[],"yoast_head":"<!-- This site is optimized with the Yoast SEO plugin v27.6 - https:\/\/yoast.com\/product\/yoast-seo-wordpress\/ -->\n<title>Propylene glycol monomethyl ether acetate IDH484431 4L - Afridana<\/title>\n<meta name=\"robots\" content=\"index, follow, max-snippet:-1, max-image-preview:large, max-video-preview:-1\" \/>\n<link rel=\"canonical\" href=\"https:\/\/afridana.dk\/en\/product\/propylene-glycol-monomethyl-ether-acetate-idh484431-4l\/\" \/>\n<meta property=\"og:locale\" content=\"en_US\" \/>\n<meta property=\"og:type\" content=\"article\" \/>\n<meta property=\"og:title\" content=\"Propylene glycol monomethyl ether acetate IDH484431 4L - Afridana\" \/>\n<meta property=\"og:url\" content=\"https:\/\/afridana.dk\/en\/product\/propylene-glycol-monomethyl-ether-acetate-idh484431-4l\/\" \/>\n<meta property=\"og:site_name\" content=\"Afridana\" \/>\n<meta property=\"article:modified_time\" content=\"2025-02-17T19:18:35+00:00\" \/>\n<meta property=\"og:image\" content=\"https:\/\/afridana.dk\/wp-content\/uploads\/2024\/12\/IDH-484431.png\" \/>\n\t<meta property=\"og:image:width\" content=\"600\" \/>\n\t<meta property=\"og:image:height\" content=\"600\" \/>\n\t<meta property=\"og:image:type\" content=\"image\/png\" \/>\n<meta name=\"twitter:card\" content=\"summary_large_image\" \/>\n<script type=\"application\/ld+json\" class=\"yoast-schema-graph\">{\"@context\":\"https:\\\/\\\/schema.org\",\"@graph\":[{\"@type\":\"WebPage\",\"@id\":\"https:\\\/\\\/afridana.dk\\\/vare\\\/propylene-glycol-monomethyl-ether-acetate-idh484431-4l\\\/\",\"url\":\"https:\\\/\\\/afridana.dk\\\/vare\\\/propylene-glycol-monomethyl-ether-acetate-idh484431-4l\\\/\",\"name\":\"Propylene glycol monomethyl ether acetate IDH484431 4L - Afridana\",\"isPartOf\":{\"@id\":\"https:\\\/\\\/afridana.dk\\\/#website\"},\"primaryImageOfPage\":{\"@id\":\"https:\\\/\\\/afridana.dk\\\/vare\\\/propylene-glycol-monomethyl-ether-acetate-idh484431-4l\\\/#primaryimage\"},\"image\":{\"@id\":\"https:\\\/\\\/afridana.dk\\\/vare\\\/propylene-glycol-monomethyl-ether-acetate-idh484431-4l\\\/#primaryimage\"},\"thumbnailUrl\":\"https:\\\/\\\/afridana.dk\\\/wp-content\\\/uploads\\\/2024\\\/12\\\/IDH-484431.png\",\"datePublished\":\"2024-12-18T10:16:56+00:00\",\"dateModified\":\"2025-02-17T19:18:35+00:00\",\"breadcrumb\":{\"@id\":\"https:\\\/\\\/afridana.dk\\\/vare\\\/propylene-glycol-monomethyl-ether-acetate-idh484431-4l\\\/#breadcrumb\"},\"inLanguage\":\"en-US\",\"potentialAction\":[{\"@type\":\"ReadAction\",\"target\":[\"https:\\\/\\\/afridana.dk\\\/vare\\\/propylene-glycol-monomethyl-ether-acetate-idh484431-4l\\\/\"]}]},{\"@type\":\"ImageObject\",\"inLanguage\":\"en-US\",\"@id\":\"https:\\\/\\\/afridana.dk\\\/vare\\\/propylene-glycol-monomethyl-ether-acetate-idh484431-4l\\\/#primaryimage\",\"url\":\"https:\\\/\\\/afridana.dk\\\/wp-content\\\/uploads\\\/2024\\\/12\\\/IDH-484431.png\",\"contentUrl\":\"https:\\\/\\\/afridana.dk\\\/wp-content\\\/uploads\\\/2024\\\/12\\\/IDH-484431.png\",\"width\":600,\"height\":600},{\"@type\":\"BreadcrumbList\",\"@id\":\"https:\\\/\\\/afridana.dk\\\/vare\\\/propylene-glycol-monomethyl-ether-acetate-idh484431-4l\\\/#breadcrumb\",\"itemListElement\":[{\"@type\":\"ListItem\",\"position\":1,\"name\":\"Hjem\",\"item\":\"https:\\\/\\\/afridana.dk\\\/\"},{\"@type\":\"ListItem\",\"position\":2,\"name\":\"Shop\",\"item\":\"https:\\\/\\\/afridana.dk\\\/shop\\\/\"},{\"@type\":\"ListItem\",\"position\":3,\"name\":\"Propylene glycol monomethyl ether acetate IDH484431 4L\"}]},{\"@type\":\"WebSite\",\"@id\":\"https:\\\/\\\/afridana.dk\\\/#website\",\"url\":\"https:\\\/\\\/afridana.dk\\\/\",\"name\":\"Afridana\",\"description\":\"Landets f\u00f8rende leverand\u00f8rer af polymerer, f\u00e6ldningskemikalier og doseringsanl\u00e6g til kommunale og private rensningsanl\u00e6g.\",\"potentialAction\":[{\"@type\":\"SearchAction\",\"target\":{\"@type\":\"EntryPoint\",\"urlTemplate\":\"https:\\\/\\\/afridana.dk\\\/?s={search_term_string}\"},\"query-input\":{\"@type\":\"PropertyValueSpecification\",\"valueRequired\":true,\"valueName\":\"search_term_string\"}}],\"inLanguage\":\"en-US\"}]}<\/script>\n<!-- \/ Yoast SEO plugin. -->","yoast_head_json":{"title":"Propylene glycol monomethyl ether acetate IDH484431 4L - Afridana","robots":{"index":"index","follow":"follow","max-snippet":"max-snippet:-1","max-image-preview":"max-image-preview:large","max-video-preview":"max-video-preview:-1"},"canonical":"https:\/\/afridana.dk\/en\/product\/propylene-glycol-monomethyl-ether-acetate-idh484431-4l\/","og_locale":"en_US","og_type":"article","og_title":"Propylene glycol monomethyl ether acetate IDH484431 4L - Afridana","og_url":"https:\/\/afridana.dk\/en\/product\/propylene-glycol-monomethyl-ether-acetate-idh484431-4l\/","og_site_name":"Afridana","article_modified_time":"2025-02-17T19:18:35+00:00","og_image":[{"width":600,"height":600,"url":"https:\/\/afridana.dk\/wp-content\/uploads\/2024\/12\/IDH-484431.png","type":"image\/png"}],"twitter_card":"summary_large_image","schema":{"@context":"https:\/\/schema.org","@graph":[{"@type":"WebPage","@id":"https:\/\/afridana.dk\/vare\/propylene-glycol-monomethyl-ether-acetate-idh484431-4l\/","url":"https:\/\/afridana.dk\/vare\/propylene-glycol-monomethyl-ether-acetate-idh484431-4l\/","name":"Propylene glycol monomethyl ether acetate IDH484431 4L - Afridana","isPartOf":{"@id":"https:\/\/afridana.dk\/#website"},"primaryImageOfPage":{"@id":"https:\/\/afridana.dk\/vare\/propylene-glycol-monomethyl-ether-acetate-idh484431-4l\/#primaryimage"},"image":{"@id":"https:\/\/afridana.dk\/vare\/propylene-glycol-monomethyl-ether-acetate-idh484431-4l\/#primaryimage"},"thumbnailUrl":"https:\/\/afridana.dk\/wp-content\/uploads\/2024\/12\/IDH-484431.png","datePublished":"2024-12-18T10:16:56+00:00","dateModified":"2025-02-17T19:18:35+00:00","breadcrumb":{"@id":"https:\/\/afridana.dk\/vare\/propylene-glycol-monomethyl-ether-acetate-idh484431-4l\/#breadcrumb"},"inLanguage":"en-US","potentialAction":[{"@type":"ReadAction","target":["https:\/\/afridana.dk\/vare\/propylene-glycol-monomethyl-ether-acetate-idh484431-4l\/"]}]},{"@type":"ImageObject","inLanguage":"en-US","@id":"https:\/\/afridana.dk\/vare\/propylene-glycol-monomethyl-ether-acetate-idh484431-4l\/#primaryimage","url":"https:\/\/afridana.dk\/wp-content\/uploads\/2024\/12\/IDH-484431.png","contentUrl":"https:\/\/afridana.dk\/wp-content\/uploads\/2024\/12\/IDH-484431.png","width":600,"height":600},{"@type":"BreadcrumbList","@id":"https:\/\/afridana.dk\/vare\/propylene-glycol-monomethyl-ether-acetate-idh484431-4l\/#breadcrumb","itemListElement":[{"@type":"ListItem","position":1,"name":"Hjem","item":"https:\/\/afridana.dk\/"},{"@type":"ListItem","position":2,"name":"Shop","item":"https:\/\/afridana.dk\/shop\/"},{"@type":"ListItem","position":3,"name":"Propylene glycol monomethyl ether acetate IDH484431 4L"}]},{"@type":"WebSite","@id":"https:\/\/afridana.dk\/#website","url":"https:\/\/afridana.dk\/","name":"Afridana","description":"Landets f\u00f8rende leverand\u00f8rer af polymerer, f\u00e6ldningskemikalier og doseringsanl\u00e6g til kommunale og private rensningsanl\u00e6g.","potentialAction":[{"@type":"SearchAction","target":{"@type":"EntryPoint","urlTemplate":"https:\/\/afridana.dk\/?s={search_term_string}"},"query-input":{"@type":"PropertyValueSpecification","valueRequired":true,"valueName":"search_term_string"}}],"inLanguage":"en-US"}]}},"_links":{"self":[{"href":"https:\/\/afridana.dk\/en\/wp-json\/wp\/v2\/product\/1068","targetHints":{"allow":["GET"]}}],"collection":[{"href":"https:\/\/afridana.dk\/en\/wp-json\/wp\/v2\/product"}],"about":[{"href":"https:\/\/afridana.dk\/en\/wp-json\/wp\/v2\/types\/product"}],"wp:featuredmedia":[{"embeddable":true,"href":"https:\/\/afridana.dk\/en\/wp-json\/wp\/v2\/media\/1065"}],"wp:attachment":[{"href":"https:\/\/afridana.dk\/en\/wp-json\/wp\/v2\/media?parent=1068"}],"wp:term":[{"taxonomy":"product_brand","embeddable":true,"href":"https:\/\/afridana.dk\/en\/wp-json\/wp\/v2\/product_brand?post=1068"},{"taxonomy":"product_cat","embeddable":true,"href":"https:\/\/afridana.dk\/en\/wp-json\/wp\/v2\/product_cat?post=1068"},{"taxonomy":"product_tag","embeddable":true,"href":"https:\/\/afridana.dk\/en\/wp-json\/wp\/v2\/product_tag?post=1068"}],"curies":[{"name":"wp","href":"https:\/\/api.w.org\/{rel}","templated":true}]}}