{"id":550,"date":"2022-12-06T10:31:37","date_gmt":"2022-12-06T10:31:37","guid":{"rendered":"https:\/\/afridana.lemonmarketing.dk\/vare\/ardrox-3968-10-x-400-ml-aerosol\/"},"modified":"2025-11-05T17:29:56","modified_gmt":"2025-11-05T17:29:56","slug":"ardrox-3968-10-x-400-ml-aerosol","status":"publish","type":"product","link":"https:\/\/afridana.dk\/en\/product\/ardrox-3968-10-x-400-ml-aerosol\/","title":{"rendered":"ARDROX 3968 \/ 10 x 400 ml. Aerosol"},"content":{"rendered":"<p>Ardrox 3968<\/p>\n<p>Approving authoritySpecificationProduct Use \/ Specification titleWhatSociety of Automotive EngineersAMS 3065<br \/>\nConformanceMessier-DowtyPCS-2800<br \/>\nApprovalPratt &amp; WhitneySPMC 124-1<br \/>\nApprovalRolls-RoyceOMat 1036P<br \/>\nApprovalCFM InternationalCFM56 Consumable Products Manual<br \/>\nApprovalGeneral Electric Commercial EnginesSPM 70-80-02Ref. No. C02-064ApprovalFrench Ministry of DefenceXS-66<br \/>\nApprovalTurbomecaTechnical specification 008005.4 Internal\/External ProtectionApprovalTurbomecaTS 00706Temporary protection products for the storage of partsApprovalHamilton SunstrandSPM49-00-01Approval<\/p>","protected":false},"excerpt":{"rendered":"<p>Temporary corrosion protective, water displacing and fingerprint removing<br \/>\nDewatering and corrosion inhibiting fluid which will displace water from metal surfaces. It contains a volatile solvent and after evaporation, a very thin film remains on the metal surface.<\/p>\n<p><i class=\"icon-download\" style=\"\" aria-hidden=\"true\"><\/i> <a href=\"https:\/\/afridana.dk\/wp-content\/uploads\/2022\/12\/TDS_00000612_1_GB_GB.pdf.pdf\" target=\"_blank\" rel=\"noopener\">TDS_00000612_1_GB_GB.pdf<\/a><\/p>","protected":false},"featured_media":950,"template":"","meta":{"_acf_changed":false,"content-type":"","inline_featured_image":false},"product_brand":[],"product_cat":[58],"product_tag":[],"class_list":{"0":"post-550","1":"product","2":"type-product","3":"status-publish","4":"has-post-thumbnail","6":"product_cat-vedligeholdelse-reparation-af-fly","7":"pa_brand-ardrox","8":"pa_producent-chemetall-limited-uk","10":"first","11":"instock","12":"shipping-taxable","13":"product-type-simple"},"acf":[],"yoast_head":"<!-- This site is optimized with the Yoast SEO plugin v27.6 - https:\/\/yoast.com\/product\/yoast-seo-wordpress\/ -->\n<title>ARDROX 3968 \/ 10 x 400 ml. Aerosol - Afridana<\/title>\n<meta name=\"robots\" content=\"index, follow, max-snippet:-1, max-image-preview:large, max-video-preview:-1\" \/>\n<link rel=\"canonical\" href=\"https:\/\/afridana.dk\/en\/product\/ardrox-3968-10-x-400-ml-aerosol\/\" \/>\n<meta property=\"og:locale\" content=\"en_US\" \/>\n<meta property=\"og:type\" content=\"article\" \/>\n<meta property=\"og:title\" content=\"ARDROX 3968 \/ 10 x 400 ml. Aerosol - Afridana\" \/>\n<meta property=\"og:description\" content=\"Temporary corrosion protective, water displacing and fingerprint removing Dewatering and corrosion inhibiting fluid which will displace water from metal surfaces. It contains a volatile solvent and after evaporation, a very thin film remains on the metal surface.   TDS_00000612_1_GB_GB.pdf\" \/>\n<meta property=\"og:url\" content=\"https:\/\/afridana.dk\/en\/product\/ardrox-3968-10-x-400-ml-aerosol\/\" \/>\n<meta property=\"og:site_name\" content=\"Afridana\" \/>\n<meta property=\"article:modified_time\" content=\"2025-11-05T17:29:56+00:00\" \/>\n<meta property=\"og:image\" content=\"https:\/\/afridana.dk\/wp-content\/uploads\/2022\/12\/ardrox16.png\" \/>\n\t<meta property=\"og:image:width\" content=\"600\" \/>\n\t<meta property=\"og:image:height\" content=\"600\" \/>\n\t<meta property=\"og:image:type\" content=\"image\/png\" \/>\n<meta name=\"twitter:card\" content=\"summary_large_image\" \/>\n<meta name=\"twitter:label1\" content=\"Est. reading time\" \/>\n\t<meta name=\"twitter:data1\" content=\"1 minute\" \/>\n<script type=\"application\/ld+json\" class=\"yoast-schema-graph\">{\"@context\":\"https:\\\/\\\/schema.org\",\"@graph\":[{\"@type\":\"WebPage\",\"@id\":\"https:\\\/\\\/afridana.dk\\\/vare\\\/ardrox-3968-10-x-400-ml-aerosol\\\/\",\"url\":\"https:\\\/\\\/afridana.dk\\\/vare\\\/ardrox-3968-10-x-400-ml-aerosol\\\/\",\"name\":\"ARDROX 3968 \\\/ 10 x 400 ml. Aerosol - Afridana\",\"isPartOf\":{\"@id\":\"https:\\\/\\\/afridana.dk\\\/#website\"},\"primaryImageOfPage\":{\"@id\":\"https:\\\/\\\/afridana.dk\\\/vare\\\/ardrox-3968-10-x-400-ml-aerosol\\\/#primaryimage\"},\"image\":{\"@id\":\"https:\\\/\\\/afridana.dk\\\/vare\\\/ardrox-3968-10-x-400-ml-aerosol\\\/#primaryimage\"},\"thumbnailUrl\":\"https:\\\/\\\/afridana.dk\\\/wp-content\\\/uploads\\\/2022\\\/12\\\/ardrox16.png\",\"datePublished\":\"2022-12-06T10:31:37+00:00\",\"dateModified\":\"2025-11-05T17:29:56+00:00\",\"breadcrumb\":{\"@id\":\"https:\\\/\\\/afridana.dk\\\/vare\\\/ardrox-3968-10-x-400-ml-aerosol\\\/#breadcrumb\"},\"inLanguage\":\"en-US\",\"potentialAction\":[{\"@type\":\"ReadAction\",\"target\":[\"https:\\\/\\\/afridana.dk\\\/vare\\\/ardrox-3968-10-x-400-ml-aerosol\\\/\"]}]},{\"@type\":\"ImageObject\",\"inLanguage\":\"en-US\",\"@id\":\"https:\\\/\\\/afridana.dk\\\/vare\\\/ardrox-3968-10-x-400-ml-aerosol\\\/#primaryimage\",\"url\":\"https:\\\/\\\/afridana.dk\\\/wp-content\\\/uploads\\\/2022\\\/12\\\/ardrox16.png\",\"contentUrl\":\"https:\\\/\\\/afridana.dk\\\/wp-content\\\/uploads\\\/2022\\\/12\\\/ardrox16.png\",\"width\":600,\"height\":600},{\"@type\":\"BreadcrumbList\",\"@id\":\"https:\\\/\\\/afridana.dk\\\/vare\\\/ardrox-3968-10-x-400-ml-aerosol\\\/#breadcrumb\",\"itemListElement\":[{\"@type\":\"ListItem\",\"position\":1,\"name\":\"Hjem\",\"item\":\"https:\\\/\\\/afridana.dk\\\/\"},{\"@type\":\"ListItem\",\"position\":2,\"name\":\"Shop\",\"item\":\"https:\\\/\\\/afridana.dk\\\/shop\\\/\"},{\"@type\":\"ListItem\",\"position\":3,\"name\":\"ARDROX 3968 \\\/ 10 x 400 ml. Aerosol\"}]},{\"@type\":\"WebSite\",\"@id\":\"https:\\\/\\\/afridana.dk\\\/#website\",\"url\":\"https:\\\/\\\/afridana.dk\\\/\",\"name\":\"Afridana\",\"description\":\"Landets f\u00f8rende leverand\u00f8rer af polymerer, f\u00e6ldningskemikalier og doseringsanl\u00e6g til kommunale og private rensningsanl\u00e6g.\",\"potentialAction\":[{\"@type\":\"SearchAction\",\"target\":{\"@type\":\"EntryPoint\",\"urlTemplate\":\"https:\\\/\\\/afridana.dk\\\/?s={search_term_string}\"},\"query-input\":{\"@type\":\"PropertyValueSpecification\",\"valueRequired\":true,\"valueName\":\"search_term_string\"}}],\"inLanguage\":\"en-US\"}]}<\/script>\n<!-- \/ Yoast SEO plugin. -->","yoast_head_json":{"title":"ARDROX 3968 \/ 10 x 400 ml. Aerosol - Afridana","robots":{"index":"index","follow":"follow","max-snippet":"max-snippet:-1","max-image-preview":"max-image-preview:large","max-video-preview":"max-video-preview:-1"},"canonical":"https:\/\/afridana.dk\/en\/product\/ardrox-3968-10-x-400-ml-aerosol\/","og_locale":"en_US","og_type":"article","og_title":"ARDROX 3968 \/ 10 x 400 ml. Aerosol - Afridana","og_description":"Temporary corrosion protective, water displacing and fingerprint removing Dewatering and corrosion inhibiting fluid which will displace water from metal surfaces. It contains a volatile solvent and after evaporation, a very thin film remains on the metal surface.   TDS_00000612_1_GB_GB.pdf","og_url":"https:\/\/afridana.dk\/en\/product\/ardrox-3968-10-x-400-ml-aerosol\/","og_site_name":"Afridana","article_modified_time":"2025-11-05T17:29:56+00:00","og_image":[{"width":600,"height":600,"url":"https:\/\/afridana.dk\/wp-content\/uploads\/2022\/12\/ardrox16.png","type":"image\/png"}],"twitter_card":"summary_large_image","twitter_misc":{"Est. reading time":"1 minute"},"schema":{"@context":"https:\/\/schema.org","@graph":[{"@type":"WebPage","@id":"https:\/\/afridana.dk\/vare\/ardrox-3968-10-x-400-ml-aerosol\/","url":"https:\/\/afridana.dk\/vare\/ardrox-3968-10-x-400-ml-aerosol\/","name":"ARDROX 3968 \/ 10 x 400 ml. Aerosol - Afridana","isPartOf":{"@id":"https:\/\/afridana.dk\/#website"},"primaryImageOfPage":{"@id":"https:\/\/afridana.dk\/vare\/ardrox-3968-10-x-400-ml-aerosol\/#primaryimage"},"image":{"@id":"https:\/\/afridana.dk\/vare\/ardrox-3968-10-x-400-ml-aerosol\/#primaryimage"},"thumbnailUrl":"https:\/\/afridana.dk\/wp-content\/uploads\/2022\/12\/ardrox16.png","datePublished":"2022-12-06T10:31:37+00:00","dateModified":"2025-11-05T17:29:56+00:00","breadcrumb":{"@id":"https:\/\/afridana.dk\/vare\/ardrox-3968-10-x-400-ml-aerosol\/#breadcrumb"},"inLanguage":"en-US","potentialAction":[{"@type":"ReadAction","target":["https:\/\/afridana.dk\/vare\/ardrox-3968-10-x-400-ml-aerosol\/"]}]},{"@type":"ImageObject","inLanguage":"en-US","@id":"https:\/\/afridana.dk\/vare\/ardrox-3968-10-x-400-ml-aerosol\/#primaryimage","url":"https:\/\/afridana.dk\/wp-content\/uploads\/2022\/12\/ardrox16.png","contentUrl":"https:\/\/afridana.dk\/wp-content\/uploads\/2022\/12\/ardrox16.png","width":600,"height":600},{"@type":"BreadcrumbList","@id":"https:\/\/afridana.dk\/vare\/ardrox-3968-10-x-400-ml-aerosol\/#breadcrumb","itemListElement":[{"@type":"ListItem","position":1,"name":"Hjem","item":"https:\/\/afridana.dk\/"},{"@type":"ListItem","position":2,"name":"Shop","item":"https:\/\/afridana.dk\/shop\/"},{"@type":"ListItem","position":3,"name":"ARDROX 3968 \/ 10 x 400 ml. Aerosol"}]},{"@type":"WebSite","@id":"https:\/\/afridana.dk\/#website","url":"https:\/\/afridana.dk\/","name":"Afridana","description":"Landets f\u00f8rende leverand\u00f8rer af polymerer, f\u00e6ldningskemikalier og doseringsanl\u00e6g til kommunale og private rensningsanl\u00e6g.","potentialAction":[{"@type":"SearchAction","target":{"@type":"EntryPoint","urlTemplate":"https:\/\/afridana.dk\/?s={search_term_string}"},"query-input":{"@type":"PropertyValueSpecification","valueRequired":true,"valueName":"search_term_string"}}],"inLanguage":"en-US"}]}},"_links":{"self":[{"href":"https:\/\/afridana.dk\/en\/wp-json\/wp\/v2\/product\/550","targetHints":{"allow":["GET"]}}],"collection":[{"href":"https:\/\/afridana.dk\/en\/wp-json\/wp\/v2\/product"}],"about":[{"href":"https:\/\/afridana.dk\/en\/wp-json\/wp\/v2\/types\/product"}],"wp:featuredmedia":[{"embeddable":true,"href":"https:\/\/afridana.dk\/en\/wp-json\/wp\/v2\/media\/950"}],"wp:attachment":[{"href":"https:\/\/afridana.dk\/en\/wp-json\/wp\/v2\/media?parent=550"}],"wp:term":[{"taxonomy":"product_brand","embeddable":true,"href":"https:\/\/afridana.dk\/en\/wp-json\/wp\/v2\/product_brand?post=550"},{"taxonomy":"product_cat","embeddable":true,"href":"https:\/\/afridana.dk\/en\/wp-json\/wp\/v2\/product_cat?post=550"},{"taxonomy":"product_tag","embeddable":true,"href":"https:\/\/afridana.dk\/en\/wp-json\/wp\/v2\/product_tag?post=550"}],"curies":[{"name":"wp","href":"https:\/\/api.w.org\/{rel}","templated":true}]}}