{"id":553,"date":"2022-12-06T10:31:38","date_gmt":"2022-12-06T10:31:38","guid":{"rendered":"https:\/\/afridana.lemonmarketing.dk\/vare\/ardrox-6025-25-ltr\/"},"modified":"2025-11-05T17:24:15","modified_gmt":"2025-11-05T17:24:15","slug":"ardrox-6025-25-ltr","status":"publish","type":"product","link":"https:\/\/afridana.dk\/en\/product\/ardrox-6025-25-ltr\/","title":{"rendered":"ARDROX 6025 \/ 25 ltr."},"content":{"rendered":"","protected":false},"excerpt":{"rendered":"<p>Ardrox\u00ae 6025A may be used for the removal of light grease and oils, dust, sooty deposits and brake dust. It is suitable on painted and unpainted surfaces. It can be used for cleaning the exterior of aircrafts as well as a primary cleaner in maintenance and overhaul operations. Ardrox\u00ae 6025A is a liquid alkaline concentrate consisting of biodegradable surfactants, alkaline additives, highly efficient co-solvent and corrosion inhibitors to provide a more effective and safer cleaner. Ardrox\u00ae 6025A is designed to meet the latest regulations and future environmental standards.<\/p>\n<p><i class=\"icon-download\" style=\"\" aria-hidden=\"true\"><\/i> <a href=\"https:\/\/afridana.dk\/wp-content\/uploads\/2022\/12\/Ardrox-6025A-v4-2021.07.pdf\" target=\"_blank\" rel=\"noopener\">Ardrox 6025A v4 2021.07<\/a><\/p>","protected":false},"featured_media":950,"template":"","meta":{"_acf_changed":false,"content-type":"","inline_featured_image":false},"product_brand":[],"product_cat":[58],"product_tag":[],"class_list":{"0":"post-553","1":"product","2":"type-product","3":"status-publish","4":"has-post-thumbnail","6":"product_cat-vedligeholdelse-reparation-af-fly","7":"pa_brand-ardrox","8":"pa_producent-chemetall-limited-uk","10":"first","11":"instock","12":"shipping-taxable","13":"product-type-simple"},"acf":[],"yoast_head":"<!-- This site is optimized with the Yoast SEO plugin v27.6 - https:\/\/yoast.com\/product\/yoast-seo-wordpress\/ -->\n<title>ARDROX 6025 \/ 25 ltr. - Afridana<\/title>\n<meta name=\"robots\" content=\"index, follow, max-snippet:-1, max-image-preview:large, max-video-preview:-1\" \/>\n<link rel=\"canonical\" href=\"https:\/\/afridana.dk\/en\/product\/ardrox-6025-25-ltr\/\" \/>\n<meta property=\"og:locale\" content=\"en_US\" \/>\n<meta property=\"og:type\" content=\"article\" \/>\n<meta property=\"og:title\" content=\"ARDROX 6025 \/ 25 ltr. - Afridana\" \/>\n<meta property=\"og:description\" content=\"Ardrox\u00ae 6025A may be used for the removal of light grease and oils, dust, sooty deposits and brake dust. It is suitable on painted and unpainted surfaces. It can be used for cleaning the exterior of aircrafts as well as a primary cleaner in maintenance and overhaul operations. Ardrox\u00ae 6025A is a liquid alkaline concentrate consisting of biodegradable surfactants, alkaline additives, highly efficient co-solvent and corrosion inhibitors to provide a more effective and safer cleaner. Ardrox\u00ae 6025A is designed to meet the latest regulations and future environmental standards.   Ardrox 6025A v4 2021.07\" \/>\n<meta property=\"og:url\" content=\"https:\/\/afridana.dk\/en\/product\/ardrox-6025-25-ltr\/\" \/>\n<meta property=\"og:site_name\" content=\"Afridana\" \/>\n<meta property=\"article:modified_time\" content=\"2025-11-05T17:24:15+00:00\" \/>\n<meta property=\"og:image\" content=\"https:\/\/afridana.dk\/wp-content\/uploads\/2022\/12\/ardrox16.png\" \/>\n\t<meta property=\"og:image:width\" content=\"600\" \/>\n\t<meta property=\"og:image:height\" content=\"600\" \/>\n\t<meta property=\"og:image:type\" content=\"image\/png\" \/>\n<meta name=\"twitter:card\" content=\"summary_large_image\" \/>\n<meta name=\"twitter:label1\" content=\"Est. reading time\" \/>\n\t<meta name=\"twitter:data1\" content=\"1 minute\" \/>\n<script type=\"application\/ld+json\" class=\"yoast-schema-graph\">{\"@context\":\"https:\\\/\\\/schema.org\",\"@graph\":[{\"@type\":\"WebPage\",\"@id\":\"https:\\\/\\\/afridana.dk\\\/vare\\\/ardrox-6025-25-ltr\\\/\",\"url\":\"https:\\\/\\\/afridana.dk\\\/vare\\\/ardrox-6025-25-ltr\\\/\",\"name\":\"ARDROX 6025 \\\/ 25 ltr. - Afridana\",\"isPartOf\":{\"@id\":\"https:\\\/\\\/afridana.dk\\\/#website\"},\"primaryImageOfPage\":{\"@id\":\"https:\\\/\\\/afridana.dk\\\/vare\\\/ardrox-6025-25-ltr\\\/#primaryimage\"},\"image\":{\"@id\":\"https:\\\/\\\/afridana.dk\\\/vare\\\/ardrox-6025-25-ltr\\\/#primaryimage\"},\"thumbnailUrl\":\"https:\\\/\\\/afridana.dk\\\/wp-content\\\/uploads\\\/2022\\\/12\\\/ardrox16.png\",\"datePublished\":\"2022-12-06T10:31:38+00:00\",\"dateModified\":\"2025-11-05T17:24:15+00:00\",\"breadcrumb\":{\"@id\":\"https:\\\/\\\/afridana.dk\\\/vare\\\/ardrox-6025-25-ltr\\\/#breadcrumb\"},\"inLanguage\":\"en-US\",\"potentialAction\":[{\"@type\":\"ReadAction\",\"target\":[\"https:\\\/\\\/afridana.dk\\\/vare\\\/ardrox-6025-25-ltr\\\/\"]}]},{\"@type\":\"ImageObject\",\"inLanguage\":\"en-US\",\"@id\":\"https:\\\/\\\/afridana.dk\\\/vare\\\/ardrox-6025-25-ltr\\\/#primaryimage\",\"url\":\"https:\\\/\\\/afridana.dk\\\/wp-content\\\/uploads\\\/2022\\\/12\\\/ardrox16.png\",\"contentUrl\":\"https:\\\/\\\/afridana.dk\\\/wp-content\\\/uploads\\\/2022\\\/12\\\/ardrox16.png\",\"width\":600,\"height\":600},{\"@type\":\"BreadcrumbList\",\"@id\":\"https:\\\/\\\/afridana.dk\\\/vare\\\/ardrox-6025-25-ltr\\\/#breadcrumb\",\"itemListElement\":[{\"@type\":\"ListItem\",\"position\":1,\"name\":\"Hjem\",\"item\":\"https:\\\/\\\/afridana.dk\\\/\"},{\"@type\":\"ListItem\",\"position\":2,\"name\":\"Shop\",\"item\":\"https:\\\/\\\/afridana.dk\\\/shop\\\/\"},{\"@type\":\"ListItem\",\"position\":3,\"name\":\"ARDROX 6025 \\\/ 25 ltr.\"}]},{\"@type\":\"WebSite\",\"@id\":\"https:\\\/\\\/afridana.dk\\\/#website\",\"url\":\"https:\\\/\\\/afridana.dk\\\/\",\"name\":\"Afridana\",\"description\":\"Landets f\u00f8rende leverand\u00f8rer af polymerer, f\u00e6ldningskemikalier og doseringsanl\u00e6g til kommunale og private rensningsanl\u00e6g.\",\"potentialAction\":[{\"@type\":\"SearchAction\",\"target\":{\"@type\":\"EntryPoint\",\"urlTemplate\":\"https:\\\/\\\/afridana.dk\\\/?s={search_term_string}\"},\"query-input\":{\"@type\":\"PropertyValueSpecification\",\"valueRequired\":true,\"valueName\":\"search_term_string\"}}],\"inLanguage\":\"en-US\"}]}<\/script>\n<!-- \/ Yoast SEO plugin. -->","yoast_head_json":{"title":"ARDROX 6025 \/ 25 ltr. - Afridana","robots":{"index":"index","follow":"follow","max-snippet":"max-snippet:-1","max-image-preview":"max-image-preview:large","max-video-preview":"max-video-preview:-1"},"canonical":"https:\/\/afridana.dk\/en\/product\/ardrox-6025-25-ltr\/","og_locale":"en_US","og_type":"article","og_title":"ARDROX 6025 \/ 25 ltr. - Afridana","og_description":"Ardrox\u00ae 6025A may be used for the removal of light grease and oils, dust, sooty deposits and brake dust. It is suitable on painted and unpainted surfaces. It can be used for cleaning the exterior of aircrafts as well as a primary cleaner in maintenance and overhaul operations. Ardrox\u00ae 6025A is a liquid alkaline concentrate consisting of biodegradable surfactants, alkaline additives, highly efficient co-solvent and corrosion inhibitors to provide a more effective and safer cleaner. Ardrox\u00ae 6025A is designed to meet the latest regulations and future environmental standards.   Ardrox 6025A v4 2021.07","og_url":"https:\/\/afridana.dk\/en\/product\/ardrox-6025-25-ltr\/","og_site_name":"Afridana","article_modified_time":"2025-11-05T17:24:15+00:00","og_image":[{"width":600,"height":600,"url":"https:\/\/afridana.dk\/wp-content\/uploads\/2022\/12\/ardrox16.png","type":"image\/png"}],"twitter_card":"summary_large_image","twitter_misc":{"Est. reading time":"1 minute"},"schema":{"@context":"https:\/\/schema.org","@graph":[{"@type":"WebPage","@id":"https:\/\/afridana.dk\/vare\/ardrox-6025-25-ltr\/","url":"https:\/\/afridana.dk\/vare\/ardrox-6025-25-ltr\/","name":"ARDROX 6025 \/ 25 ltr. - Afridana","isPartOf":{"@id":"https:\/\/afridana.dk\/#website"},"primaryImageOfPage":{"@id":"https:\/\/afridana.dk\/vare\/ardrox-6025-25-ltr\/#primaryimage"},"image":{"@id":"https:\/\/afridana.dk\/vare\/ardrox-6025-25-ltr\/#primaryimage"},"thumbnailUrl":"https:\/\/afridana.dk\/wp-content\/uploads\/2022\/12\/ardrox16.png","datePublished":"2022-12-06T10:31:38+00:00","dateModified":"2025-11-05T17:24:15+00:00","breadcrumb":{"@id":"https:\/\/afridana.dk\/vare\/ardrox-6025-25-ltr\/#breadcrumb"},"inLanguage":"en-US","potentialAction":[{"@type":"ReadAction","target":["https:\/\/afridana.dk\/vare\/ardrox-6025-25-ltr\/"]}]},{"@type":"ImageObject","inLanguage":"en-US","@id":"https:\/\/afridana.dk\/vare\/ardrox-6025-25-ltr\/#primaryimage","url":"https:\/\/afridana.dk\/wp-content\/uploads\/2022\/12\/ardrox16.png","contentUrl":"https:\/\/afridana.dk\/wp-content\/uploads\/2022\/12\/ardrox16.png","width":600,"height":600},{"@type":"BreadcrumbList","@id":"https:\/\/afridana.dk\/vare\/ardrox-6025-25-ltr\/#breadcrumb","itemListElement":[{"@type":"ListItem","position":1,"name":"Hjem","item":"https:\/\/afridana.dk\/"},{"@type":"ListItem","position":2,"name":"Shop","item":"https:\/\/afridana.dk\/shop\/"},{"@type":"ListItem","position":3,"name":"ARDROX 6025 \/ 25 ltr."}]},{"@type":"WebSite","@id":"https:\/\/afridana.dk\/#website","url":"https:\/\/afridana.dk\/","name":"Afridana","description":"Landets f\u00f8rende leverand\u00f8rer af polymerer, f\u00e6ldningskemikalier og doseringsanl\u00e6g til kommunale og private rensningsanl\u00e6g.","potentialAction":[{"@type":"SearchAction","target":{"@type":"EntryPoint","urlTemplate":"https:\/\/afridana.dk\/?s={search_term_string}"},"query-input":{"@type":"PropertyValueSpecification","valueRequired":true,"valueName":"search_term_string"}}],"inLanguage":"en-US"}]}},"_links":{"self":[{"href":"https:\/\/afridana.dk\/en\/wp-json\/wp\/v2\/product\/553","targetHints":{"allow":["GET"]}}],"collection":[{"href":"https:\/\/afridana.dk\/en\/wp-json\/wp\/v2\/product"}],"about":[{"href":"https:\/\/afridana.dk\/en\/wp-json\/wp\/v2\/types\/product"}],"wp:featuredmedia":[{"embeddable":true,"href":"https:\/\/afridana.dk\/en\/wp-json\/wp\/v2\/media\/950"}],"wp:attachment":[{"href":"https:\/\/afridana.dk\/en\/wp-json\/wp\/v2\/media?parent=553"}],"wp:term":[{"taxonomy":"product_brand","embeddable":true,"href":"https:\/\/afridana.dk\/en\/wp-json\/wp\/v2\/product_brand?post=553"},{"taxonomy":"product_cat","embeddable":true,"href":"https:\/\/afridana.dk\/en\/wp-json\/wp\/v2\/product_cat?post=553"},{"taxonomy":"product_tag","embeddable":true,"href":"https:\/\/afridana.dk\/en\/wp-json\/wp\/v2\/product_tag?post=553"}],"curies":[{"name":"wp","href":"https:\/\/api.w.org\/{rel}","templated":true}]}}