{"id":588,"date":"2022-12-06T10:31:40","date_gmt":"2022-12-06T10:31:40","guid":{"rendered":"https:\/\/afridana.lemonmarketing.dk\/vare\/ardrox-av-8-10-x-1-ltr\/"},"modified":"2025-11-05T17:19:58","modified_gmt":"2025-11-05T17:19:58","slug":"ardrox-av-8-10-x-1-ltr","status":"publish","type":"product","link":"https:\/\/afridana.dk\/en\/product\/ardrox-av-8-10-x-1-ltr\/","title":{"rendered":"ARDROX AV 8 \/ 10 x 1 ltr."},"content":{"rendered":"<div class=\"product-title dblue\">\n<h3 class=\"font15\">Ardrox AV 8<\/h3>\n<\/div>\n<div id=\"tabs-57231\" class=\"tabs-holder ui-tabs ui-corner-all ui-widget ui-widget-content\">\n<div id=\"product-approvals-57231\" class=\"product-approvals ui-tabs-panel ui-corner-bottom ui-widget-content\" role=\"tabpanel\" aria-labelledby=\"ui-id-152\" aria-hidden=\"false\">\n<table class=\"full-border\">\n<tbody>\n<tr>\n<th class=\"padding_5\">Approving authority<\/th>\n<th class=\"padding_5\">Specification<\/th>\n<th class=\"padding_5\">Product Use \/ Specification title<\/th>\n<th class=\"padding_5\">What<\/th>\n<\/tr>\n<tr>\n<td class=\"padding_5\">Gulfstream<\/td>\n<td class=\"padding_5\">.<\/td>\n<td class=\"padding_5\">Type II<\/td>\n<td class=\"padding_5\">Approval<\/td>\n<\/tr>\n<tr>\n<td class=\"padding_5\">Pilatus<\/td>\n<td class=\"padding_5\">VV 0302-01<\/td>\n<td class=\"padding_5\"><\/td>\n<td class=\"padding_5\">Approval<\/td>\n<\/tr>\n<tr>\n<td class=\"padding_5\">US Department of Defence<\/td>\n<td class=\"padding_5\">MIL-PRF-16173<\/td>\n<td class=\"padding_5\">Class 1, Grades 1 and 4<\/td>\n<td class=\"padding_5\">Conformance<\/td>\n<\/tr>\n<tr>\n<td class=\"padding_5\">McDonnell Douglas<\/td>\n<td class=\"padding_5\">DMS 2150<\/td>\n<td class=\"padding_5\">Type 1 (Bulk) &amp; 2 (Aerosol)<\/td>\n<td class=\"padding_5\">Approval<\/td>\n<\/tr>\n<tr>\n<td class=\"padding_5\">Bombardier<\/td>\n<td class=\"padding_5\">BAMS 565-006<\/td>\n<td class=\"padding_5\">Type I<\/td>\n<td class=\"padding_5\">Approval<\/td>\n<\/tr>\n<tr>\n<td class=\"padding_5\">ATR<\/td>\n<td class=\"padding_5\">05-027H<\/td>\n<td class=\"padding_5\"><\/td>\n<td class=\"padding_5\">Approval<\/td>\n<\/tr>\n<tr>\n<td class=\"padding_5\">Saab<\/td>\n<td class=\"padding_5\">STD 161454<\/td>\n<td class=\"padding_5\">Type -02<\/td>\n<td class=\"padding_5\">Approval<\/td>\n<\/tr>\n<tr>\n<td class=\"padding_5\">Airbus<\/td>\n<td class=\"padding_5\">AIMS 09-08-001<\/td>\n<td class=\"padding_5\">Type I, Grade 3<\/td>\n<td class=\"padding_5\">Approval<\/td>\n<\/tr>\n<tr>\n<td class=\"padding_5\">Airbus<\/td>\n<td class=\"padding_5\">IPS 09-08-001-01<\/td>\n<td class=\"padding_5\"><\/td>\n<td class=\"padding_5\">Approval<\/td>\n<\/tr>\n<tr>\n<td class=\"padding_5\">Bombardier de Havilland<\/td>\n<td class=\"padding_5\">DHMS C 4.12<\/td>\n<td class=\"padding_5\">Type II, Grade 3<\/td>\n<td class=\"padding_5\">Approval<\/td>\n<\/tr>\n<tr>\n<td class=\"padding_5\">Goodrich<\/td>\n<td class=\"padding_5\">LGQP 5010 Rev. E<\/td>\n<td class=\"padding_5\">Type III<\/td>\n<td class=\"padding_5\">Approval<\/td>\n<\/tr>\n<tr>\n<td class=\"padding_5\">Embraer<\/td>\n<td class=\"padding_5\">MEP 10-063<\/td>\n<td class=\"padding_5\">Type I<\/td>\n<td class=\"padding_5\">Approval<\/td>\n<\/tr>\n<tr>\n<td class=\"padding_5\">Lockheed<\/td>\n<td class=\"padding_5\">CMM.1C-130J-23<\/td>\n<td class=\"padding_5\"><\/td>\n<td class=\"padding_5\">Approval<\/td>\n<\/tr>\n<tr>\n<td class=\"padding_5\">Dassault Aviation<\/td>\n<td class=\"padding_5\">DGQT 1.7.0.103<\/td>\n<td class=\"padding_5\">Type Ib<\/td>\n<td class=\"padding_5\">Approval<\/td>\n<\/tr>\n<tr>\n<td class=\"padding_5\">Boeing<\/td>\n<td class=\"padding_5\">BMS 3-23<\/td>\n<td class=\"padding_5\">Type II, Class 2, Grade A (Aerosol) &amp; B (Bulk)<\/td>\n<td class=\"padding_5\">Approval<\/td>\n<\/tr>\n<tr>\n<td class=\"padding_5\">Airbus<\/td>\n<td class=\"padding_5\">TN A.007.10050<\/td>\n<td class=\"padding_5\"><\/td>\n<td class=\"padding_5\">Approval<\/td>\n<\/tr>\n<tr>\n<td class=\"padding_5\">German Ministry of Defence<\/td>\n<td class=\"padding_5\">NSN<\/td>\n<td class=\"padding_5\">NSN 8030-12-332-5765 (bulk) \/ 8030-12-346-7460 (aerosol)<\/td>\n<td class=\"padding_5\">Approval<\/td>\n<\/tr>\n<tr>\n<td class=\"padding_5\">Mitsubishi Heavy Industries<\/td>\n<td class=\"padding_5\">MP2616<\/td>\n<td class=\"padding_5\"><\/td>\n<td class=\"padding_5\">Approval<\/td>\n<\/tr>\n<tr>\n<td class=\"padding_5\">JSC IRKUT Corporation<\/td>\n<td class=\"padding_5\">IRKUT-741.140\/21-00-00-0043-0T04\/0A<\/td>\n<td class=\"padding_5\">Type A1<\/td>\n<td class=\"padding_5\">Approval<\/td>\n<\/tr>\n<tr>\n<td class=\"padding_5\">Cessna<\/td>\n<td class=\"padding_5\">CSNP038<\/td>\n<td class=\"padding_5\">Type IVA\/Class 1<\/td>\n<td class=\"padding_5\">Approval<\/td>\n<\/tr>\n<tr>\n<td class=\"padding_5\">Airbus<\/td>\n<td class=\"padding_5\">A2MS 565-006<\/td>\n<td class=\"padding_5\">Type I<\/td>\n<td class=\"padding_5\">Approval<\/td>\n<\/tr>\n<tr>\n<td class=\"padding_5\">COMAC<\/td>\n<td class=\"padding_5\">CMS-CT-501<\/td>\n<td class=\"padding_5\">Type II, Class 2<\/td>\n<td class=\"padding_5\">Approval<\/td>\n<\/tr>\n<\/tbody>\n<\/table>\n<\/div>\n<\/div>","protected":false},"excerpt":{"rendered":"<p>Corrosion inhibiting compound, super penetrating, water displacing. Tack-free, firm film.<br \/>\nArdrox AV 8 can be used in all areas of the airframe. Applied by dipping, brushing or spraying. In areas exposed to severe corrosion conditions overcoating with Ardrox AV 30 or Ardrox AV 100D is recommended.<\/p>\n<p><i class=\"icon-download\" style=\"\" aria-hidden=\"true\"><\/i><a href=\"https:\/\/afridana.dk\/wp-content\/uploads\/2022\/12\/TDS_00000476_1_GO_EN.pdf.pdf\" target=\"_blank\" rel=\"noopener\">TDS_00000476_1_GO_EN.pdf<\/a><\/p>","protected":false},"featured_media":950,"template":"","meta":{"_acf_changed":false,"content-type":"","inline_featured_image":false},"product_brand":[],"product_cat":[58],"product_tag":[],"class_list":{"0":"post-588","1":"product","2":"type-product","3":"status-publish","4":"has-post-thumbnail","6":"product_cat-vedligeholdelse-reparation-af-fly","7":"pa_brand-ardrox","8":"pa_producent-chemetall-limited-uk","10":"first","11":"instock","12":"shipping-taxable","13":"product-type-simple"},"acf":[],"yoast_head":"<!-- This site is optimized with the Yoast SEO plugin v27.6 - https:\/\/yoast.com\/product\/yoast-seo-wordpress\/ -->\n<title>ARDROX AV 8 \/ 10 x 1 ltr. - Afridana<\/title>\n<meta name=\"robots\" content=\"index, follow, max-snippet:-1, max-image-preview:large, max-video-preview:-1\" \/>\n<link rel=\"canonical\" href=\"https:\/\/afridana.dk\/en\/product\/ardrox-av-8-10-x-1-ltr\/\" \/>\n<meta property=\"og:locale\" content=\"en_US\" \/>\n<meta property=\"og:type\" content=\"article\" \/>\n<meta property=\"og:title\" content=\"ARDROX AV 8 \/ 10 x 1 ltr. - Afridana\" \/>\n<meta property=\"og:description\" content=\"Corrosion inhibiting compound, super penetrating, water displacing. Tack-free, firm film. Ardrox AV 8 can be used in all areas of the airframe. Applied by dipping, brushing or spraying. In areas exposed to severe corrosion conditions overcoating with Ardrox AV 30 or Ardrox AV 100D is recommended.  TDS_00000476_1_GO_EN.pdf\" \/>\n<meta property=\"og:url\" content=\"https:\/\/afridana.dk\/en\/product\/ardrox-av-8-10-x-1-ltr\/\" \/>\n<meta property=\"og:site_name\" content=\"Afridana\" \/>\n<meta property=\"article:modified_time\" content=\"2025-11-05T17:19:58+00:00\" \/>\n<meta property=\"og:image\" content=\"https:\/\/afridana.dk\/wp-content\/uploads\/2022\/12\/ardrox16.png\" \/>\n\t<meta property=\"og:image:width\" content=\"600\" \/>\n\t<meta property=\"og:image:height\" content=\"600\" \/>\n\t<meta property=\"og:image:type\" content=\"image\/png\" \/>\n<meta name=\"twitter:card\" content=\"summary_large_image\" \/>\n<meta name=\"twitter:label1\" content=\"Est. reading time\" \/>\n\t<meta name=\"twitter:data1\" content=\"2 minutes\" \/>\n<script type=\"application\/ld+json\" class=\"yoast-schema-graph\">{\"@context\":\"https:\\\/\\\/schema.org\",\"@graph\":[{\"@type\":\"WebPage\",\"@id\":\"https:\\\/\\\/afridana.dk\\\/vare\\\/ardrox-av-8-10-x-1-ltr\\\/\",\"url\":\"https:\\\/\\\/afridana.dk\\\/vare\\\/ardrox-av-8-10-x-1-ltr\\\/\",\"name\":\"ARDROX AV 8 \\\/ 10 x 1 ltr. - Afridana\",\"isPartOf\":{\"@id\":\"https:\\\/\\\/afridana.dk\\\/#website\"},\"primaryImageOfPage\":{\"@id\":\"https:\\\/\\\/afridana.dk\\\/vare\\\/ardrox-av-8-10-x-1-ltr\\\/#primaryimage\"},\"image\":{\"@id\":\"https:\\\/\\\/afridana.dk\\\/vare\\\/ardrox-av-8-10-x-1-ltr\\\/#primaryimage\"},\"thumbnailUrl\":\"https:\\\/\\\/afridana.dk\\\/wp-content\\\/uploads\\\/2022\\\/12\\\/ardrox16.png\",\"datePublished\":\"2022-12-06T10:31:40+00:00\",\"dateModified\":\"2025-11-05T17:19:58+00:00\",\"breadcrumb\":{\"@id\":\"https:\\\/\\\/afridana.dk\\\/vare\\\/ardrox-av-8-10-x-1-ltr\\\/#breadcrumb\"},\"inLanguage\":\"en-US\",\"potentialAction\":[{\"@type\":\"ReadAction\",\"target\":[\"https:\\\/\\\/afridana.dk\\\/vare\\\/ardrox-av-8-10-x-1-ltr\\\/\"]}]},{\"@type\":\"ImageObject\",\"inLanguage\":\"en-US\",\"@id\":\"https:\\\/\\\/afridana.dk\\\/vare\\\/ardrox-av-8-10-x-1-ltr\\\/#primaryimage\",\"url\":\"https:\\\/\\\/afridana.dk\\\/wp-content\\\/uploads\\\/2022\\\/12\\\/ardrox16.png\",\"contentUrl\":\"https:\\\/\\\/afridana.dk\\\/wp-content\\\/uploads\\\/2022\\\/12\\\/ardrox16.png\",\"width\":600,\"height\":600},{\"@type\":\"BreadcrumbList\",\"@id\":\"https:\\\/\\\/afridana.dk\\\/vare\\\/ardrox-av-8-10-x-1-ltr\\\/#breadcrumb\",\"itemListElement\":[{\"@type\":\"ListItem\",\"position\":1,\"name\":\"Hjem\",\"item\":\"https:\\\/\\\/afridana.dk\\\/\"},{\"@type\":\"ListItem\",\"position\":2,\"name\":\"Shop\",\"item\":\"https:\\\/\\\/afridana.dk\\\/shop\\\/\"},{\"@type\":\"ListItem\",\"position\":3,\"name\":\"ARDROX AV 8 \\\/ 10 x 1 ltr.\"}]},{\"@type\":\"WebSite\",\"@id\":\"https:\\\/\\\/afridana.dk\\\/#website\",\"url\":\"https:\\\/\\\/afridana.dk\\\/\",\"name\":\"Afridana\",\"description\":\"Landets f\u00f8rende leverand\u00f8rer af polymerer, f\u00e6ldningskemikalier og doseringsanl\u00e6g til kommunale og private rensningsanl\u00e6g.\",\"potentialAction\":[{\"@type\":\"SearchAction\",\"target\":{\"@type\":\"EntryPoint\",\"urlTemplate\":\"https:\\\/\\\/afridana.dk\\\/?s={search_term_string}\"},\"query-input\":{\"@type\":\"PropertyValueSpecification\",\"valueRequired\":true,\"valueName\":\"search_term_string\"}}],\"inLanguage\":\"en-US\"}]}<\/script>\n<!-- \/ Yoast SEO plugin. -->","yoast_head_json":{"title":"ARDROX AV 8 \/ 10 x 1 ltr. - Afridana","robots":{"index":"index","follow":"follow","max-snippet":"max-snippet:-1","max-image-preview":"max-image-preview:large","max-video-preview":"max-video-preview:-1"},"canonical":"https:\/\/afridana.dk\/en\/product\/ardrox-av-8-10-x-1-ltr\/","og_locale":"en_US","og_type":"article","og_title":"ARDROX AV 8 \/ 10 x 1 ltr. - Afridana","og_description":"Corrosion inhibiting compound, super penetrating, water displacing. Tack-free, firm film. Ardrox AV 8 can be used in all areas of the airframe. Applied by dipping, brushing or spraying. In areas exposed to severe corrosion conditions overcoating with Ardrox AV 30 or Ardrox AV 100D is recommended.  TDS_00000476_1_GO_EN.pdf","og_url":"https:\/\/afridana.dk\/en\/product\/ardrox-av-8-10-x-1-ltr\/","og_site_name":"Afridana","article_modified_time":"2025-11-05T17:19:58+00:00","og_image":[{"width":600,"height":600,"url":"https:\/\/afridana.dk\/wp-content\/uploads\/2022\/12\/ardrox16.png","type":"image\/png"}],"twitter_card":"summary_large_image","twitter_misc":{"Est. reading time":"2 minutes"},"schema":{"@context":"https:\/\/schema.org","@graph":[{"@type":"WebPage","@id":"https:\/\/afridana.dk\/vare\/ardrox-av-8-10-x-1-ltr\/","url":"https:\/\/afridana.dk\/vare\/ardrox-av-8-10-x-1-ltr\/","name":"ARDROX AV 8 \/ 10 x 1 ltr. - Afridana","isPartOf":{"@id":"https:\/\/afridana.dk\/#website"},"primaryImageOfPage":{"@id":"https:\/\/afridana.dk\/vare\/ardrox-av-8-10-x-1-ltr\/#primaryimage"},"image":{"@id":"https:\/\/afridana.dk\/vare\/ardrox-av-8-10-x-1-ltr\/#primaryimage"},"thumbnailUrl":"https:\/\/afridana.dk\/wp-content\/uploads\/2022\/12\/ardrox16.png","datePublished":"2022-12-06T10:31:40+00:00","dateModified":"2025-11-05T17:19:58+00:00","breadcrumb":{"@id":"https:\/\/afridana.dk\/vare\/ardrox-av-8-10-x-1-ltr\/#breadcrumb"},"inLanguage":"en-US","potentialAction":[{"@type":"ReadAction","target":["https:\/\/afridana.dk\/vare\/ardrox-av-8-10-x-1-ltr\/"]}]},{"@type":"ImageObject","inLanguage":"en-US","@id":"https:\/\/afridana.dk\/vare\/ardrox-av-8-10-x-1-ltr\/#primaryimage","url":"https:\/\/afridana.dk\/wp-content\/uploads\/2022\/12\/ardrox16.png","contentUrl":"https:\/\/afridana.dk\/wp-content\/uploads\/2022\/12\/ardrox16.png","width":600,"height":600},{"@type":"BreadcrumbList","@id":"https:\/\/afridana.dk\/vare\/ardrox-av-8-10-x-1-ltr\/#breadcrumb","itemListElement":[{"@type":"ListItem","position":1,"name":"Hjem","item":"https:\/\/afridana.dk\/"},{"@type":"ListItem","position":2,"name":"Shop","item":"https:\/\/afridana.dk\/shop\/"},{"@type":"ListItem","position":3,"name":"ARDROX AV 8 \/ 10 x 1 ltr."}]},{"@type":"WebSite","@id":"https:\/\/afridana.dk\/#website","url":"https:\/\/afridana.dk\/","name":"Afridana","description":"Landets f\u00f8rende leverand\u00f8rer af polymerer, f\u00e6ldningskemikalier og doseringsanl\u00e6g til kommunale og private rensningsanl\u00e6g.","potentialAction":[{"@type":"SearchAction","target":{"@type":"EntryPoint","urlTemplate":"https:\/\/afridana.dk\/?s={search_term_string}"},"query-input":{"@type":"PropertyValueSpecification","valueRequired":true,"valueName":"search_term_string"}}],"inLanguage":"en-US"}]}},"_links":{"self":[{"href":"https:\/\/afridana.dk\/en\/wp-json\/wp\/v2\/product\/588","targetHints":{"allow":["GET"]}}],"collection":[{"href":"https:\/\/afridana.dk\/en\/wp-json\/wp\/v2\/product"}],"about":[{"href":"https:\/\/afridana.dk\/en\/wp-json\/wp\/v2\/types\/product"}],"wp:featuredmedia":[{"embeddable":true,"href":"https:\/\/afridana.dk\/en\/wp-json\/wp\/v2\/media\/950"}],"wp:attachment":[{"href":"https:\/\/afridana.dk\/en\/wp-json\/wp\/v2\/media?parent=588"}],"wp:term":[{"taxonomy":"product_brand","embeddable":true,"href":"https:\/\/afridana.dk\/en\/wp-json\/wp\/v2\/product_brand?post=588"},{"taxonomy":"product_cat","embeddable":true,"href":"https:\/\/afridana.dk\/en\/wp-json\/wp\/v2\/product_cat?post=588"},{"taxonomy":"product_tag","embeddable":true,"href":"https:\/\/afridana.dk\/en\/wp-json\/wp\/v2\/product_tag?post=588"}],"curies":[{"name":"wp","href":"https:\/\/api.w.org\/{rel}","templated":true}]}}