{"id":590,"date":"2022-12-06T10:31:41","date_gmt":"2022-12-06T10:31:41","guid":{"rendered":"https:\/\/afridana.lemonmarketing.dk\/vare\/ardrox-av-980-10-x-400-ml-aerosol\/"},"modified":"2025-11-05T16:46:33","modified_gmt":"2025-11-05T16:46:33","slug":"ardrox-av-980-10-x-400-ml-aerosol","status":"publish","type":"product","link":"https:\/\/afridana.dk\/en\/product\/ardrox-av-980-10-x-400-ml-aerosol\/","title":{"rendered":"ARDROX AV 980 \/ 10 x 400 ml. Aerosol"},"content":{"rendered":"<div class=\"product-title dblue\">\n<h3 class=\"font15\">Ardrox AV 980<\/h3>\n<\/div>\n<div id=\"tabs-57237\" class=\"tabs-holder ui-tabs ui-corner-all ui-widget ui-widget-content\">\n<div id=\"product-approvals-57237\" class=\"product-approvals ui-tabs-panel ui-corner-bottom ui-widget-content\" role=\"tabpanel\" aria-labelledby=\"ui-id-155\" aria-hidden=\"false\">\n<table class=\"full-border\">\n<tbody>\n<tr>\n<th class=\"padding_5\">Approving authority<\/th>\n<th class=\"padding_5\">Specification<\/th>\n<th class=\"padding_5\">Product Use \/ Specification title<\/th>\n<th class=\"padding_5\">What<\/th>\n<\/tr>\n<tr>\n<td class=\"padding_5\">Boeing<\/td>\n<td class=\"padding_5\">D6-17487<\/td>\n<td class=\"padding_5\"><\/td>\n<td class=\"padding_5\">Conformance<\/td>\n<\/tr>\n<tr>\n<td class=\"padding_5\">German Ministry of Defence<\/td>\n<td class=\"padding_5\">NSN<\/td>\n<td class=\"padding_5\">NSN 6850-12-354-9601 (bulk) \/ 6850-12-354-9664 (aerosol)<\/td>\n<td class=\"padding_5\">Approval<\/td>\n<\/tr>\n<\/tbody>\n<\/table>\n<\/div>\n<\/div>","protected":false},"excerpt":{"rendered":"<p>A neutral, diodegradable wax remover for removal of corrosion inhibiting compound films.<br \/>\nArdrox AV 980 is used for cleaning and degreasing of aircraft surfaces and components where an old corrosion inhibiting compound film, and \/ or grease needs to be removed safely and effectively from such areas as internal structures or wheel wells. It is also for removal of contamination of external surfaces resulting from accidental over-spray or by material penetrating through loose fasteners to the outside surface of the aircraft. The material is slightly thixotropic to allow an even film build in all areas without excessive drippage.<\/p>\n<p><i class=\"icon-download\" style=\"\" aria-hidden=\"true\"><\/i> <a href=\"https:\/\/afridana.dk\/wp-content\/uploads\/2022\/12\/TDS_00000628_1_GO_EN.pdf.pdf\" target=\"_blank\" rel=\"noopener\">TDS_00000628_1_GO_EN.pdf<\/a><\/p>","protected":false},"featured_media":950,"template":"","meta":{"_acf_changed":false,"content-type":"","inline_featured_image":false},"product_brand":[],"product_cat":[58],"product_tag":[],"class_list":{"0":"post-590","1":"product","2":"type-product","3":"status-publish","4":"has-post-thumbnail","6":"product_cat-vedligeholdelse-reparation-af-fly","7":"pa_brand-ardrox","8":"pa_producent-chemetall-limited-uk","10":"first","11":"instock","12":"shipping-taxable","13":"product-type-simple"},"acf":[],"yoast_head":"<!-- This site is optimized with the Yoast SEO plugin v27.6 - https:\/\/yoast.com\/product\/yoast-seo-wordpress\/ -->\n<title>ARDROX AV 980 \/ 10 x 400 ml. Aerosol - Afridana<\/title>\n<meta name=\"robots\" content=\"index, follow, max-snippet:-1, max-image-preview:large, max-video-preview:-1\" \/>\n<link rel=\"canonical\" href=\"https:\/\/afridana.dk\/en\/product\/ardrox-av-980-10-x-400-ml-aerosol\/\" \/>\n<meta property=\"og:locale\" content=\"en_US\" \/>\n<meta property=\"og:type\" content=\"article\" \/>\n<meta property=\"og:title\" content=\"ARDROX AV 980 \/ 10 x 400 ml. Aerosol - Afridana\" \/>\n<meta property=\"og:description\" content=\"A neutral, diodegradable wax remover for removal of corrosion inhibiting compound films. Ardrox AV 980 is used for cleaning and degreasing of aircraft surfaces and components where an old corrosion inhibiting compound film, and \/ or grease needs to be removed safely and effectively from such areas as internal structures or wheel wells. It is also for removal of contamination of external surfaces resulting from accidental over-spray or by material penetrating through loose fasteners to the outside surface of the aircraft. The material is slightly thixotropic to allow an even film build in all areas without excessive drippage.   TDS_00000628_1_GO_EN.pdf\" \/>\n<meta property=\"og:url\" content=\"https:\/\/afridana.dk\/en\/product\/ardrox-av-980-10-x-400-ml-aerosol\/\" \/>\n<meta property=\"og:site_name\" content=\"Afridana\" \/>\n<meta property=\"article:modified_time\" content=\"2025-11-05T16:46:33+00:00\" \/>\n<meta property=\"og:image\" content=\"https:\/\/afridana.dk\/wp-content\/uploads\/2022\/12\/ardrox16.png\" \/>\n\t<meta property=\"og:image:width\" content=\"600\" \/>\n\t<meta property=\"og:image:height\" content=\"600\" \/>\n\t<meta property=\"og:image:type\" content=\"image\/png\" \/>\n<meta name=\"twitter:card\" content=\"summary_large_image\" \/>\n<meta name=\"twitter:label1\" content=\"Est. reading time\" \/>\n\t<meta name=\"twitter:data1\" content=\"1 minute\" \/>\n<script type=\"application\/ld+json\" class=\"yoast-schema-graph\">{\"@context\":\"https:\\\/\\\/schema.org\",\"@graph\":[{\"@type\":\"WebPage\",\"@id\":\"https:\\\/\\\/afridana.dk\\\/vare\\\/ardrox-av-980-10-x-400-ml-aerosol\\\/\",\"url\":\"https:\\\/\\\/afridana.dk\\\/vare\\\/ardrox-av-980-10-x-400-ml-aerosol\\\/\",\"name\":\"ARDROX AV 980 \\\/ 10 x 400 ml. Aerosol - Afridana\",\"isPartOf\":{\"@id\":\"https:\\\/\\\/afridana.dk\\\/#website\"},\"primaryImageOfPage\":{\"@id\":\"https:\\\/\\\/afridana.dk\\\/vare\\\/ardrox-av-980-10-x-400-ml-aerosol\\\/#primaryimage\"},\"image\":{\"@id\":\"https:\\\/\\\/afridana.dk\\\/vare\\\/ardrox-av-980-10-x-400-ml-aerosol\\\/#primaryimage\"},\"thumbnailUrl\":\"https:\\\/\\\/afridana.dk\\\/wp-content\\\/uploads\\\/2022\\\/12\\\/ardrox16.png\",\"datePublished\":\"2022-12-06T10:31:41+00:00\",\"dateModified\":\"2025-11-05T16:46:33+00:00\",\"breadcrumb\":{\"@id\":\"https:\\\/\\\/afridana.dk\\\/vare\\\/ardrox-av-980-10-x-400-ml-aerosol\\\/#breadcrumb\"},\"inLanguage\":\"en-US\",\"potentialAction\":[{\"@type\":\"ReadAction\",\"target\":[\"https:\\\/\\\/afridana.dk\\\/vare\\\/ardrox-av-980-10-x-400-ml-aerosol\\\/\"]}]},{\"@type\":\"ImageObject\",\"inLanguage\":\"en-US\",\"@id\":\"https:\\\/\\\/afridana.dk\\\/vare\\\/ardrox-av-980-10-x-400-ml-aerosol\\\/#primaryimage\",\"url\":\"https:\\\/\\\/afridana.dk\\\/wp-content\\\/uploads\\\/2022\\\/12\\\/ardrox16.png\",\"contentUrl\":\"https:\\\/\\\/afridana.dk\\\/wp-content\\\/uploads\\\/2022\\\/12\\\/ardrox16.png\",\"width\":600,\"height\":600},{\"@type\":\"BreadcrumbList\",\"@id\":\"https:\\\/\\\/afridana.dk\\\/vare\\\/ardrox-av-980-10-x-400-ml-aerosol\\\/#breadcrumb\",\"itemListElement\":[{\"@type\":\"ListItem\",\"position\":1,\"name\":\"Hjem\",\"item\":\"https:\\\/\\\/afridana.dk\\\/\"},{\"@type\":\"ListItem\",\"position\":2,\"name\":\"Shop\",\"item\":\"https:\\\/\\\/afridana.dk\\\/shop\\\/\"},{\"@type\":\"ListItem\",\"position\":3,\"name\":\"ARDROX AV 980 \\\/ 10 x 400 ml. Aerosol\"}]},{\"@type\":\"WebSite\",\"@id\":\"https:\\\/\\\/afridana.dk\\\/#website\",\"url\":\"https:\\\/\\\/afridana.dk\\\/\",\"name\":\"Afridana\",\"description\":\"Landets f\u00f8rende leverand\u00f8rer af polymerer, f\u00e6ldningskemikalier og doseringsanl\u00e6g til kommunale og private rensningsanl\u00e6g.\",\"potentialAction\":[{\"@type\":\"SearchAction\",\"target\":{\"@type\":\"EntryPoint\",\"urlTemplate\":\"https:\\\/\\\/afridana.dk\\\/?s={search_term_string}\"},\"query-input\":{\"@type\":\"PropertyValueSpecification\",\"valueRequired\":true,\"valueName\":\"search_term_string\"}}],\"inLanguage\":\"en-US\"}]}<\/script>\n<!-- \/ Yoast SEO plugin. -->","yoast_head_json":{"title":"ARDROX AV 980 \/ 10 x 400 ml. Aerosol - Afridana","robots":{"index":"index","follow":"follow","max-snippet":"max-snippet:-1","max-image-preview":"max-image-preview:large","max-video-preview":"max-video-preview:-1"},"canonical":"https:\/\/afridana.dk\/en\/product\/ardrox-av-980-10-x-400-ml-aerosol\/","og_locale":"en_US","og_type":"article","og_title":"ARDROX AV 980 \/ 10 x 400 ml. Aerosol - Afridana","og_description":"A neutral, diodegradable wax remover for removal of corrosion inhibiting compound films. Ardrox AV 980 is used for cleaning and degreasing of aircraft surfaces and components where an old corrosion inhibiting compound film, and \/ or grease needs to be removed safely and effectively from such areas as internal structures or wheel wells. It is also for removal of contamination of external surfaces resulting from accidental over-spray or by material penetrating through loose fasteners to the outside surface of the aircraft. The material is slightly thixotropic to allow an even film build in all areas without excessive drippage.   TDS_00000628_1_GO_EN.pdf","og_url":"https:\/\/afridana.dk\/en\/product\/ardrox-av-980-10-x-400-ml-aerosol\/","og_site_name":"Afridana","article_modified_time":"2025-11-05T16:46:33+00:00","og_image":[{"width":600,"height":600,"url":"https:\/\/afridana.dk\/wp-content\/uploads\/2022\/12\/ardrox16.png","type":"image\/png"}],"twitter_card":"summary_large_image","twitter_misc":{"Est. reading time":"1 minute"},"schema":{"@context":"https:\/\/schema.org","@graph":[{"@type":"WebPage","@id":"https:\/\/afridana.dk\/vare\/ardrox-av-980-10-x-400-ml-aerosol\/","url":"https:\/\/afridana.dk\/vare\/ardrox-av-980-10-x-400-ml-aerosol\/","name":"ARDROX AV 980 \/ 10 x 400 ml. Aerosol - Afridana","isPartOf":{"@id":"https:\/\/afridana.dk\/#website"},"primaryImageOfPage":{"@id":"https:\/\/afridana.dk\/vare\/ardrox-av-980-10-x-400-ml-aerosol\/#primaryimage"},"image":{"@id":"https:\/\/afridana.dk\/vare\/ardrox-av-980-10-x-400-ml-aerosol\/#primaryimage"},"thumbnailUrl":"https:\/\/afridana.dk\/wp-content\/uploads\/2022\/12\/ardrox16.png","datePublished":"2022-12-06T10:31:41+00:00","dateModified":"2025-11-05T16:46:33+00:00","breadcrumb":{"@id":"https:\/\/afridana.dk\/vare\/ardrox-av-980-10-x-400-ml-aerosol\/#breadcrumb"},"inLanguage":"en-US","potentialAction":[{"@type":"ReadAction","target":["https:\/\/afridana.dk\/vare\/ardrox-av-980-10-x-400-ml-aerosol\/"]}]},{"@type":"ImageObject","inLanguage":"en-US","@id":"https:\/\/afridana.dk\/vare\/ardrox-av-980-10-x-400-ml-aerosol\/#primaryimage","url":"https:\/\/afridana.dk\/wp-content\/uploads\/2022\/12\/ardrox16.png","contentUrl":"https:\/\/afridana.dk\/wp-content\/uploads\/2022\/12\/ardrox16.png","width":600,"height":600},{"@type":"BreadcrumbList","@id":"https:\/\/afridana.dk\/vare\/ardrox-av-980-10-x-400-ml-aerosol\/#breadcrumb","itemListElement":[{"@type":"ListItem","position":1,"name":"Hjem","item":"https:\/\/afridana.dk\/"},{"@type":"ListItem","position":2,"name":"Shop","item":"https:\/\/afridana.dk\/shop\/"},{"@type":"ListItem","position":3,"name":"ARDROX AV 980 \/ 10 x 400 ml. Aerosol"}]},{"@type":"WebSite","@id":"https:\/\/afridana.dk\/#website","url":"https:\/\/afridana.dk\/","name":"Afridana","description":"Landets f\u00f8rende leverand\u00f8rer af polymerer, f\u00e6ldningskemikalier og doseringsanl\u00e6g til kommunale og private rensningsanl\u00e6g.","potentialAction":[{"@type":"SearchAction","target":{"@type":"EntryPoint","urlTemplate":"https:\/\/afridana.dk\/?s={search_term_string}"},"query-input":{"@type":"PropertyValueSpecification","valueRequired":true,"valueName":"search_term_string"}}],"inLanguage":"en-US"}]}},"_links":{"self":[{"href":"https:\/\/afridana.dk\/en\/wp-json\/wp\/v2\/product\/590","targetHints":{"allow":["GET"]}}],"collection":[{"href":"https:\/\/afridana.dk\/en\/wp-json\/wp\/v2\/product"}],"about":[{"href":"https:\/\/afridana.dk\/en\/wp-json\/wp\/v2\/types\/product"}],"wp:featuredmedia":[{"embeddable":true,"href":"https:\/\/afridana.dk\/en\/wp-json\/wp\/v2\/media\/950"}],"wp:attachment":[{"href":"https:\/\/afridana.dk\/en\/wp-json\/wp\/v2\/media?parent=590"}],"wp:term":[{"taxonomy":"product_brand","embeddable":true,"href":"https:\/\/afridana.dk\/en\/wp-json\/wp\/v2\/product_brand?post=590"},{"taxonomy":"product_cat","embeddable":true,"href":"https:\/\/afridana.dk\/en\/wp-json\/wp\/v2\/product_cat?post=590"},{"taxonomy":"product_tag","embeddable":true,"href":"https:\/\/afridana.dk\/en\/wp-json\/wp\/v2\/product_tag?post=590"}],"curies":[{"name":"wp","href":"https:\/\/api.w.org\/{rel}","templated":true}]}}