{"id":595,"date":"2022-12-06T10:31:41","date_gmt":"2022-12-06T10:31:41","guid":{"rendered":"https:\/\/afridana.lemonmarketing.dk\/vare\/loctite-eci-1006-ec-1-kg-ihd-1888126\/"},"modified":"2026-05-14T15:06:40","modified_gmt":"2026-05-14T13:06:40","slug":"loctite-eci-1006-ec-1-kg-ihd-1888126","status":"publish","type":"product","link":"https:\/\/afridana.dk\/en\/product\/loctite-eci-1006-ec-1-kg-ihd-1888126\/","title":{"rendered":"LOCTITE ECI 1006 E&#038;C  1 kg &#8211; IHD 1888126"},"content":{"rendered":"","protected":false},"excerpt":{"rendered":"<p class=\"x_MsoNormal\"><span lang=\"NL\" data-olk-copy-source=\"MessageBody\">Batch:<\/span><\/p>\n<ul>\n<li class=\"x_MsoNormal\"><span lang=\"NL\">8 x OX5J005968 &#8211; 16.09.26<\/span><\/li>\n<li class=\"x_MsoNormal\">2 x OX5J005965 &#8211; 16.09.26<\/li>\n<\/ul>\n<p>LOCTITE\u00ae ECI 1006 E&amp;C conductive, screen printable ink is designed for use in touch screen applications.<\/p>\n<ul>\n<li class=\"ng-star-inserted\">Halogen free<\/li>\n<li class=\"ng-star-inserted\">Excellent fine-line and high resolution printability 50 \u00b5m lines and spaces attainable<\/li>\n<li class=\"ng-star-inserted\">Excellent adhesion to sputtered ITO and PET good electrical conductivity<\/li>\n<\/ul>\n<p>(Packaging may vary in form and nature from the presentation)<\/p>\n<p><i class=\"icon-download\" style=\"\" aria-hidden=\"true\"><\/i><a href=\"https:\/\/afridana.dk\/wp-content\/uploads\/2022\/12\/ECI-1006-EC-EN.pdf\" target=\"_blank\" rel=\"noopener\">ECI 1006 EC-EN<\/a><\/p>","protected":false},"featured_media":858,"template":"","meta":{"_acf_changed":false,"content-type":"","inline_featured_image":false},"product_brand":[],"product_cat":[24],"product_tag":[79],"class_list":{"0":"post-595","1":"product","2":"type-product","3":"status-publish","4":"has-post-thumbnail","6":"product_cat-fine-line-printing","7":"product_tag-shop","8":"pa_brand-loctite","9":"pa_producent-henkel","11":"first","12":"instock","13":"shipping-taxable","14":"purchasable","15":"product-type-simple"},"acf":[],"yoast_head":"<!-- This site is optimized with the Yoast SEO plugin v27.6 - https:\/\/yoast.com\/product\/yoast-seo-wordpress\/ -->\n<title>LOCTITE ECI 1006 E&amp;C 1 kg - IHD 1888126 - Afridana<\/title>\n<meta name=\"robots\" content=\"index, follow, max-snippet:-1, max-image-preview:large, max-video-preview:-1\" \/>\n<link rel=\"canonical\" href=\"https:\/\/afridana.dk\/en\/product\/loctite-eci-1006-ec-1-kg-ihd-1888126\/\" \/>\n<meta property=\"og:locale\" content=\"en_US\" \/>\n<meta property=\"og:type\" content=\"article\" \/>\n<meta property=\"og:title\" content=\"LOCTITE ECI 1006 E&amp;C 1 kg - IHD 1888126 - Afridana\" \/>\n<meta property=\"og:description\" content=\"Batch:    8 x OX5J005968 - 16.09.26  2 x OX5J005965 - 16.09.26  LOCTITE\u00ae ECI 1006 E&amp;C conductive, screen printable ink is designed for use in touch screen applications.   Halogen free  Excellent fine-line and high resolution printability 50 \u00b5m lines and spaces attainable  Excellent adhesion to sputtered ITO and PET good electrical conductivity  (Packaging may vary in form and nature from the presentation)  ECI 1006 EC-EN\" \/>\n<meta property=\"og:url\" content=\"https:\/\/afridana.dk\/en\/product\/loctite-eci-1006-ec-1-kg-ihd-1888126\/\" \/>\n<meta property=\"og:site_name\" content=\"Afridana\" \/>\n<meta property=\"article:modified_time\" content=\"2026-05-14T13:06:40+00:00\" \/>\n<meta property=\"og:image\" content=\"https:\/\/afridana.dk\/wp-content\/uploads\/2022\/12\/packshot-indv-loctite-eci-1006-ec-107333-08-2019.webp\" \/>\n\t<meta property=\"og:image:width\" content=\"600\" \/>\n\t<meta property=\"og:image:height\" content=\"600\" \/>\n\t<meta property=\"og:image:type\" content=\"image\/webp\" \/>\n<meta name=\"twitter:card\" content=\"summary_large_image\" \/>\n<meta name=\"twitter:label1\" content=\"Est. reading time\" \/>\n\t<meta name=\"twitter:data1\" content=\"1 minute\" \/>\n<script type=\"application\/ld+json\" class=\"yoast-schema-graph\">{\"@context\":\"https:\\\/\\\/schema.org\",\"@graph\":[{\"@type\":\"WebPage\",\"@id\":\"https:\\\/\\\/afridana.dk\\\/vare\\\/loctite-eci-1006-ec-1-kg-ihd-1888126\\\/\",\"url\":\"https:\\\/\\\/afridana.dk\\\/vare\\\/loctite-eci-1006-ec-1-kg-ihd-1888126\\\/\",\"name\":\"LOCTITE ECI 1006 E&C 1 kg - IHD 1888126 - Afridana\",\"isPartOf\":{\"@id\":\"https:\\\/\\\/afridana.dk\\\/#website\"},\"primaryImageOfPage\":{\"@id\":\"https:\\\/\\\/afridana.dk\\\/vare\\\/loctite-eci-1006-ec-1-kg-ihd-1888126\\\/#primaryimage\"},\"image\":{\"@id\":\"https:\\\/\\\/afridana.dk\\\/vare\\\/loctite-eci-1006-ec-1-kg-ihd-1888126\\\/#primaryimage\"},\"thumbnailUrl\":\"https:\\\/\\\/afridana.dk\\\/wp-content\\\/uploads\\\/2022\\\/12\\\/packshot-indv-loctite-eci-1006-ec-107333-08-2019.webp\",\"datePublished\":\"2022-12-06T10:31:41+00:00\",\"dateModified\":\"2026-05-14T13:06:40+00:00\",\"breadcrumb\":{\"@id\":\"https:\\\/\\\/afridana.dk\\\/vare\\\/loctite-eci-1006-ec-1-kg-ihd-1888126\\\/#breadcrumb\"},\"inLanguage\":\"en-US\",\"potentialAction\":[{\"@type\":\"ReadAction\",\"target\":[\"https:\\\/\\\/afridana.dk\\\/vare\\\/loctite-eci-1006-ec-1-kg-ihd-1888126\\\/\"]}]},{\"@type\":\"ImageObject\",\"inLanguage\":\"en-US\",\"@id\":\"https:\\\/\\\/afridana.dk\\\/vare\\\/loctite-eci-1006-ec-1-kg-ihd-1888126\\\/#primaryimage\",\"url\":\"https:\\\/\\\/afridana.dk\\\/wp-content\\\/uploads\\\/2022\\\/12\\\/packshot-indv-loctite-eci-1006-ec-107333-08-2019.webp\",\"contentUrl\":\"https:\\\/\\\/afridana.dk\\\/wp-content\\\/uploads\\\/2022\\\/12\\\/packshot-indv-loctite-eci-1006-ec-107333-08-2019.webp\",\"width\":600,\"height\":600},{\"@type\":\"BreadcrumbList\",\"@id\":\"https:\\\/\\\/afridana.dk\\\/vare\\\/loctite-eci-1006-ec-1-kg-ihd-1888126\\\/#breadcrumb\",\"itemListElement\":[{\"@type\":\"ListItem\",\"position\":1,\"name\":\"Hjem\",\"item\":\"https:\\\/\\\/afridana.dk\\\/\"},{\"@type\":\"ListItem\",\"position\":2,\"name\":\"Shop\",\"item\":\"https:\\\/\\\/afridana.dk\\\/shop\\\/\"},{\"@type\":\"ListItem\",\"position\":3,\"name\":\"LOCTITE ECI 1006 E&#038;C 1 kg &#8211; IHD 1888126\"}]},{\"@type\":\"WebSite\",\"@id\":\"https:\\\/\\\/afridana.dk\\\/#website\",\"url\":\"https:\\\/\\\/afridana.dk\\\/\",\"name\":\"Afridana\",\"description\":\"Landets f\u00f8rende leverand\u00f8rer af polymerer, f\u00e6ldningskemikalier og doseringsanl\u00e6g til kommunale og private rensningsanl\u00e6g.\",\"potentialAction\":[{\"@type\":\"SearchAction\",\"target\":{\"@type\":\"EntryPoint\",\"urlTemplate\":\"https:\\\/\\\/afridana.dk\\\/?s={search_term_string}\"},\"query-input\":{\"@type\":\"PropertyValueSpecification\",\"valueRequired\":true,\"valueName\":\"search_term_string\"}}],\"inLanguage\":\"en-US\"}]}<\/script>\n<!-- \/ Yoast SEO plugin. -->","yoast_head_json":{"title":"LOCTITE ECI 1006 E&C 1 kg - IHD 1888126 - Afridana","robots":{"index":"index","follow":"follow","max-snippet":"max-snippet:-1","max-image-preview":"max-image-preview:large","max-video-preview":"max-video-preview:-1"},"canonical":"https:\/\/afridana.dk\/en\/product\/loctite-eci-1006-ec-1-kg-ihd-1888126\/","og_locale":"en_US","og_type":"article","og_title":"LOCTITE ECI 1006 E&C 1 kg - IHD 1888126 - Afridana","og_description":"Batch:    8 x OX5J005968 - 16.09.26  2 x OX5J005965 - 16.09.26  LOCTITE\u00ae ECI 1006 E&amp;C conductive, screen printable ink is designed for use in touch screen applications.   Halogen free  Excellent fine-line and high resolution printability 50 \u00b5m lines and spaces attainable  Excellent adhesion to sputtered ITO and PET good electrical conductivity  (Packaging may vary in form and nature from the presentation)  ECI 1006 EC-EN","og_url":"https:\/\/afridana.dk\/en\/product\/loctite-eci-1006-ec-1-kg-ihd-1888126\/","og_site_name":"Afridana","article_modified_time":"2026-05-14T13:06:40+00:00","og_image":[{"width":600,"height":600,"url":"https:\/\/afridana.dk\/wp-content\/uploads\/2022\/12\/packshot-indv-loctite-eci-1006-ec-107333-08-2019.webp","type":"image\/webp"}],"twitter_card":"summary_large_image","twitter_misc":{"Est. reading time":"1 minute"},"schema":{"@context":"https:\/\/schema.org","@graph":[{"@type":"WebPage","@id":"https:\/\/afridana.dk\/vare\/loctite-eci-1006-ec-1-kg-ihd-1888126\/","url":"https:\/\/afridana.dk\/vare\/loctite-eci-1006-ec-1-kg-ihd-1888126\/","name":"LOCTITE ECI 1006 E&C 1 kg - IHD 1888126 - Afridana","isPartOf":{"@id":"https:\/\/afridana.dk\/#website"},"primaryImageOfPage":{"@id":"https:\/\/afridana.dk\/vare\/loctite-eci-1006-ec-1-kg-ihd-1888126\/#primaryimage"},"image":{"@id":"https:\/\/afridana.dk\/vare\/loctite-eci-1006-ec-1-kg-ihd-1888126\/#primaryimage"},"thumbnailUrl":"https:\/\/afridana.dk\/wp-content\/uploads\/2022\/12\/packshot-indv-loctite-eci-1006-ec-107333-08-2019.webp","datePublished":"2022-12-06T10:31:41+00:00","dateModified":"2026-05-14T13:06:40+00:00","breadcrumb":{"@id":"https:\/\/afridana.dk\/vare\/loctite-eci-1006-ec-1-kg-ihd-1888126\/#breadcrumb"},"inLanguage":"en-US","potentialAction":[{"@type":"ReadAction","target":["https:\/\/afridana.dk\/vare\/loctite-eci-1006-ec-1-kg-ihd-1888126\/"]}]},{"@type":"ImageObject","inLanguage":"en-US","@id":"https:\/\/afridana.dk\/vare\/loctite-eci-1006-ec-1-kg-ihd-1888126\/#primaryimage","url":"https:\/\/afridana.dk\/wp-content\/uploads\/2022\/12\/packshot-indv-loctite-eci-1006-ec-107333-08-2019.webp","contentUrl":"https:\/\/afridana.dk\/wp-content\/uploads\/2022\/12\/packshot-indv-loctite-eci-1006-ec-107333-08-2019.webp","width":600,"height":600},{"@type":"BreadcrumbList","@id":"https:\/\/afridana.dk\/vare\/loctite-eci-1006-ec-1-kg-ihd-1888126\/#breadcrumb","itemListElement":[{"@type":"ListItem","position":1,"name":"Hjem","item":"https:\/\/afridana.dk\/"},{"@type":"ListItem","position":2,"name":"Shop","item":"https:\/\/afridana.dk\/shop\/"},{"@type":"ListItem","position":3,"name":"LOCTITE ECI 1006 E&#038;C 1 kg &#8211; IHD 1888126"}]},{"@type":"WebSite","@id":"https:\/\/afridana.dk\/#website","url":"https:\/\/afridana.dk\/","name":"Afridana","description":"Landets f\u00f8rende leverand\u00f8rer af polymerer, f\u00e6ldningskemikalier og doseringsanl\u00e6g til kommunale og private rensningsanl\u00e6g.","potentialAction":[{"@type":"SearchAction","target":{"@type":"EntryPoint","urlTemplate":"https:\/\/afridana.dk\/?s={search_term_string}"},"query-input":{"@type":"PropertyValueSpecification","valueRequired":true,"valueName":"search_term_string"}}],"inLanguage":"en-US"}]}},"_links":{"self":[{"href":"https:\/\/afridana.dk\/en\/wp-json\/wp\/v2\/product\/595","targetHints":{"allow":["GET"]}}],"collection":[{"href":"https:\/\/afridana.dk\/en\/wp-json\/wp\/v2\/product"}],"about":[{"href":"https:\/\/afridana.dk\/en\/wp-json\/wp\/v2\/types\/product"}],"wp:featuredmedia":[{"embeddable":true,"href":"https:\/\/afridana.dk\/en\/wp-json\/wp\/v2\/media\/858"}],"wp:attachment":[{"href":"https:\/\/afridana.dk\/en\/wp-json\/wp\/v2\/media?parent=595"}],"wp:term":[{"taxonomy":"product_brand","embeddable":true,"href":"https:\/\/afridana.dk\/en\/wp-json\/wp\/v2\/product_brand?post=595"},{"taxonomy":"product_cat","embeddable":true,"href":"https:\/\/afridana.dk\/en\/wp-json\/wp\/v2\/product_cat?post=595"},{"taxonomy":"product_tag","embeddable":true,"href":"https:\/\/afridana.dk\/en\/wp-json\/wp\/v2\/product_tag?post=595"}],"curies":[{"name":"wp","href":"https:\/\/api.w.org\/{rel}","templated":true}]}}