{"id":600,"date":"2022-12-06T10:31:41","date_gmt":"2022-12-06T10:31:41","guid":{"rendered":"https:\/\/afridana.lemonmarketing.dk\/vare\/loctite-edag-1415-m-1-5-kg-idh-1395599\/"},"modified":"2025-11-05T16:48:22","modified_gmt":"2025-11-05T16:48:22","slug":"loctite-edag-1415-m-1-5-kg-idh-1395599","status":"publish","type":"product","link":"https:\/\/afridana.dk\/en\/product\/loctite-edag-1415-m-1-5-kg-idh-1395599\/","title":{"rendered":"LOCTITE EDAG 1415 M\/1.5  kg. &#8211; IDH 1395599"},"content":{"rendered":"","protected":false},"excerpt":{"rendered":"<p>LOCTITE\u00ae EDAG 1415M E&amp;C shielding coating is designed to provide electromagnetic compatibility (EMC). It is compatible with plastics commonly used for electronic equipment enclosures.<\/p>\n<ul>\n<li class=\"ng-star-inserted\">Maintains low resistance after exposure to the elements<\/li>\n<li class=\"ng-star-inserted\">Does not require primer or top coat<\/li>\n<li class=\"ng-star-inserted\">Easily applied by spray or brush<\/li>\n<\/ul>\n<p>(Packaging may vary in form and nature from the presentation)<\/p>\n<p><i class=\"icon-download\" style=\"\" aria-hidden=\"true\"><\/i><a href=\"https:\/\/afridana.dk\/wp-content\/uploads\/2022\/12\/EDAG-1415M-EC-EN.pdf\" target=\"_blank\" rel=\"noopener\">EDAG 1415M EC-EN<\/a><\/p>","protected":false},"featured_media":865,"template":"","meta":{"_acf_changed":false,"content-type":"","inline_featured_image":false},"product_brand":[],"product_cat":[24],"product_tag":[],"class_list":{"0":"post-600","1":"product","2":"type-product","3":"status-publish","4":"has-post-thumbnail","6":"product_cat-fine-line-printing","7":"pa_brand-loctite","8":"pa_producent-henkel","10":"first","11":"instock","12":"shipping-taxable","13":"product-type-simple"},"acf":[],"yoast_head":"<!-- This site is optimized with the Yoast SEO plugin v27.6 - https:\/\/yoast.com\/product\/yoast-seo-wordpress\/ -->\n<title>LOCTITE EDAG 1415 M\/1.5 kg. - IDH 1395599 - Afridana<\/title>\n<meta name=\"robots\" content=\"index, follow, max-snippet:-1, max-image-preview:large, max-video-preview:-1\" \/>\n<link rel=\"canonical\" href=\"https:\/\/afridana.dk\/en\/product\/loctite-edag-1415-m-1-5-kg-idh-1395599\/\" \/>\n<meta property=\"og:locale\" content=\"en_US\" \/>\n<meta property=\"og:type\" content=\"article\" \/>\n<meta property=\"og:title\" content=\"LOCTITE EDAG 1415 M\/1.5 kg. - IDH 1395599 - Afridana\" \/>\n<meta property=\"og:description\" content=\"LOCTITE\u00ae EDAG 1415M E&amp;C shielding coating is designed to provide electromagnetic compatibility (EMC). It is compatible with plastics commonly used for electronic equipment enclosures.   Maintains low resistance after exposure to the elements  Does not require primer or top coat  Easily applied by spray or brush  (Packaging may vary in form and nature from the presentation)  EDAG 1415M EC-EN\" \/>\n<meta property=\"og:url\" content=\"https:\/\/afridana.dk\/en\/product\/loctite-edag-1415-m-1-5-kg-idh-1395599\/\" \/>\n<meta property=\"og:site_name\" content=\"Afridana\" \/>\n<meta property=\"article:modified_time\" content=\"2025-11-05T16:48:22+00:00\" \/>\n<meta property=\"og:image\" content=\"https:\/\/afridana.dk\/wp-content\/uploads\/2022\/12\/packshot-indv-loctite-edag-1415M-ec-90857-08-2019.png\" \/>\n\t<meta property=\"og:image:width\" content=\"600\" \/>\n\t<meta property=\"og:image:height\" content=\"600\" \/>\n\t<meta property=\"og:image:type\" content=\"image\/png\" \/>\n<meta name=\"twitter:card\" content=\"summary_large_image\" \/>\n<meta name=\"twitter:label1\" content=\"Est. reading time\" \/>\n\t<meta name=\"twitter:data1\" content=\"1 minute\" \/>\n<script type=\"application\/ld+json\" class=\"yoast-schema-graph\">{\"@context\":\"https:\\\/\\\/schema.org\",\"@graph\":[{\"@type\":\"WebPage\",\"@id\":\"https:\\\/\\\/afridana.dk\\\/vare\\\/loctite-edag-1415-m-1-5-kg-idh-1395599\\\/\",\"url\":\"https:\\\/\\\/afridana.dk\\\/vare\\\/loctite-edag-1415-m-1-5-kg-idh-1395599\\\/\",\"name\":\"LOCTITE EDAG 1415 M\\\/1.5 kg. - IDH 1395599 - Afridana\",\"isPartOf\":{\"@id\":\"https:\\\/\\\/afridana.dk\\\/#website\"},\"primaryImageOfPage\":{\"@id\":\"https:\\\/\\\/afridana.dk\\\/vare\\\/loctite-edag-1415-m-1-5-kg-idh-1395599\\\/#primaryimage\"},\"image\":{\"@id\":\"https:\\\/\\\/afridana.dk\\\/vare\\\/loctite-edag-1415-m-1-5-kg-idh-1395599\\\/#primaryimage\"},\"thumbnailUrl\":\"https:\\\/\\\/afridana.dk\\\/wp-content\\\/uploads\\\/2022\\\/12\\\/packshot-indv-loctite-edag-1415M-ec-90857-08-2019.png\",\"datePublished\":\"2022-12-06T10:31:41+00:00\",\"dateModified\":\"2025-11-05T16:48:22+00:00\",\"breadcrumb\":{\"@id\":\"https:\\\/\\\/afridana.dk\\\/vare\\\/loctite-edag-1415-m-1-5-kg-idh-1395599\\\/#breadcrumb\"},\"inLanguage\":\"en-US\",\"potentialAction\":[{\"@type\":\"ReadAction\",\"target\":[\"https:\\\/\\\/afridana.dk\\\/vare\\\/loctite-edag-1415-m-1-5-kg-idh-1395599\\\/\"]}]},{\"@type\":\"ImageObject\",\"inLanguage\":\"en-US\",\"@id\":\"https:\\\/\\\/afridana.dk\\\/vare\\\/loctite-edag-1415-m-1-5-kg-idh-1395599\\\/#primaryimage\",\"url\":\"https:\\\/\\\/afridana.dk\\\/wp-content\\\/uploads\\\/2022\\\/12\\\/packshot-indv-loctite-edag-1415M-ec-90857-08-2019.png\",\"contentUrl\":\"https:\\\/\\\/afridana.dk\\\/wp-content\\\/uploads\\\/2022\\\/12\\\/packshot-indv-loctite-edag-1415M-ec-90857-08-2019.png\",\"width\":600,\"height\":600},{\"@type\":\"BreadcrumbList\",\"@id\":\"https:\\\/\\\/afridana.dk\\\/vare\\\/loctite-edag-1415-m-1-5-kg-idh-1395599\\\/#breadcrumb\",\"itemListElement\":[{\"@type\":\"ListItem\",\"position\":1,\"name\":\"Hjem\",\"item\":\"https:\\\/\\\/afridana.dk\\\/\"},{\"@type\":\"ListItem\",\"position\":2,\"name\":\"Shop\",\"item\":\"https:\\\/\\\/afridana.dk\\\/shop\\\/\"},{\"@type\":\"ListItem\",\"position\":3,\"name\":\"LOCTITE EDAG 1415 M\\\/1.5 kg. &#8211; IDH 1395599\"}]},{\"@type\":\"WebSite\",\"@id\":\"https:\\\/\\\/afridana.dk\\\/#website\",\"url\":\"https:\\\/\\\/afridana.dk\\\/\",\"name\":\"Afridana\",\"description\":\"Landets f\u00f8rende leverand\u00f8rer af polymerer, f\u00e6ldningskemikalier og doseringsanl\u00e6g til kommunale og private rensningsanl\u00e6g.\",\"potentialAction\":[{\"@type\":\"SearchAction\",\"target\":{\"@type\":\"EntryPoint\",\"urlTemplate\":\"https:\\\/\\\/afridana.dk\\\/?s={search_term_string}\"},\"query-input\":{\"@type\":\"PropertyValueSpecification\",\"valueRequired\":true,\"valueName\":\"search_term_string\"}}],\"inLanguage\":\"en-US\"}]}<\/script>\n<!-- \/ Yoast SEO plugin. -->","yoast_head_json":{"title":"LOCTITE EDAG 1415 M\/1.5 kg. - IDH 1395599 - Afridana","robots":{"index":"index","follow":"follow","max-snippet":"max-snippet:-1","max-image-preview":"max-image-preview:large","max-video-preview":"max-video-preview:-1"},"canonical":"https:\/\/afridana.dk\/en\/product\/loctite-edag-1415-m-1-5-kg-idh-1395599\/","og_locale":"en_US","og_type":"article","og_title":"LOCTITE EDAG 1415 M\/1.5 kg. - IDH 1395599 - Afridana","og_description":"LOCTITE\u00ae EDAG 1415M E&amp;C shielding coating is designed to provide electromagnetic compatibility (EMC). It is compatible with plastics commonly used for electronic equipment enclosures.   Maintains low resistance after exposure to the elements  Does not require primer or top coat  Easily applied by spray or brush  (Packaging may vary in form and nature from the presentation)  EDAG 1415M EC-EN","og_url":"https:\/\/afridana.dk\/en\/product\/loctite-edag-1415-m-1-5-kg-idh-1395599\/","og_site_name":"Afridana","article_modified_time":"2025-11-05T16:48:22+00:00","og_image":[{"width":600,"height":600,"url":"https:\/\/afridana.dk\/wp-content\/uploads\/2022\/12\/packshot-indv-loctite-edag-1415M-ec-90857-08-2019.png","type":"image\/png"}],"twitter_card":"summary_large_image","twitter_misc":{"Est. reading time":"1 minute"},"schema":{"@context":"https:\/\/schema.org","@graph":[{"@type":"WebPage","@id":"https:\/\/afridana.dk\/vare\/loctite-edag-1415-m-1-5-kg-idh-1395599\/","url":"https:\/\/afridana.dk\/vare\/loctite-edag-1415-m-1-5-kg-idh-1395599\/","name":"LOCTITE EDAG 1415 M\/1.5 kg. - IDH 1395599 - Afridana","isPartOf":{"@id":"https:\/\/afridana.dk\/#website"},"primaryImageOfPage":{"@id":"https:\/\/afridana.dk\/vare\/loctite-edag-1415-m-1-5-kg-idh-1395599\/#primaryimage"},"image":{"@id":"https:\/\/afridana.dk\/vare\/loctite-edag-1415-m-1-5-kg-idh-1395599\/#primaryimage"},"thumbnailUrl":"https:\/\/afridana.dk\/wp-content\/uploads\/2022\/12\/packshot-indv-loctite-edag-1415M-ec-90857-08-2019.png","datePublished":"2022-12-06T10:31:41+00:00","dateModified":"2025-11-05T16:48:22+00:00","breadcrumb":{"@id":"https:\/\/afridana.dk\/vare\/loctite-edag-1415-m-1-5-kg-idh-1395599\/#breadcrumb"},"inLanguage":"en-US","potentialAction":[{"@type":"ReadAction","target":["https:\/\/afridana.dk\/vare\/loctite-edag-1415-m-1-5-kg-idh-1395599\/"]}]},{"@type":"ImageObject","inLanguage":"en-US","@id":"https:\/\/afridana.dk\/vare\/loctite-edag-1415-m-1-5-kg-idh-1395599\/#primaryimage","url":"https:\/\/afridana.dk\/wp-content\/uploads\/2022\/12\/packshot-indv-loctite-edag-1415M-ec-90857-08-2019.png","contentUrl":"https:\/\/afridana.dk\/wp-content\/uploads\/2022\/12\/packshot-indv-loctite-edag-1415M-ec-90857-08-2019.png","width":600,"height":600},{"@type":"BreadcrumbList","@id":"https:\/\/afridana.dk\/vare\/loctite-edag-1415-m-1-5-kg-idh-1395599\/#breadcrumb","itemListElement":[{"@type":"ListItem","position":1,"name":"Hjem","item":"https:\/\/afridana.dk\/"},{"@type":"ListItem","position":2,"name":"Shop","item":"https:\/\/afridana.dk\/shop\/"},{"@type":"ListItem","position":3,"name":"LOCTITE EDAG 1415 M\/1.5 kg. &#8211; IDH 1395599"}]},{"@type":"WebSite","@id":"https:\/\/afridana.dk\/#website","url":"https:\/\/afridana.dk\/","name":"Afridana","description":"Landets f\u00f8rende leverand\u00f8rer af polymerer, f\u00e6ldningskemikalier og doseringsanl\u00e6g til kommunale og private rensningsanl\u00e6g.","potentialAction":[{"@type":"SearchAction","target":{"@type":"EntryPoint","urlTemplate":"https:\/\/afridana.dk\/?s={search_term_string}"},"query-input":{"@type":"PropertyValueSpecification","valueRequired":true,"valueName":"search_term_string"}}],"inLanguage":"en-US"}]}},"_links":{"self":[{"href":"https:\/\/afridana.dk\/en\/wp-json\/wp\/v2\/product\/600","targetHints":{"allow":["GET"]}}],"collection":[{"href":"https:\/\/afridana.dk\/en\/wp-json\/wp\/v2\/product"}],"about":[{"href":"https:\/\/afridana.dk\/en\/wp-json\/wp\/v2\/types\/product"}],"wp:featuredmedia":[{"embeddable":true,"href":"https:\/\/afridana.dk\/en\/wp-json\/wp\/v2\/media\/865"}],"wp:attachment":[{"href":"https:\/\/afridana.dk\/en\/wp-json\/wp\/v2\/media?parent=600"}],"wp:term":[{"taxonomy":"product_brand","embeddable":true,"href":"https:\/\/afridana.dk\/en\/wp-json\/wp\/v2\/product_brand?post=600"},{"taxonomy":"product_cat","embeddable":true,"href":"https:\/\/afridana.dk\/en\/wp-json\/wp\/v2\/product_cat?post=600"},{"taxonomy":"product_tag","embeddable":true,"href":"https:\/\/afridana.dk\/en\/wp-json\/wp\/v2\/product_tag?post=600"}],"curies":[{"name":"wp","href":"https:\/\/api.w.org\/{rel}","templated":true}]}}