{"id":621,"date":"2022-12-06T10:31:43","date_gmt":"2022-12-06T10:31:43","guid":{"rendered":"https:\/\/afridana.lemonmarketing.dk\/vare\/loctite-edag-pf-455bc-1-0-kg-idh-1263294\/"},"modified":"2026-03-09T12:51:53","modified_gmt":"2026-03-09T11:51:53","slug":"loctite-edag-pf-455bc-1-0-kg-idh-1263294","status":"publish","type":"product","link":"https:\/\/afridana.dk\/en\/product\/loctite-edag-pf-455bc-1-0-kg-idh-1263294\/","title":{"rendered":"LOCTITE EDAG PF 455BC\/1.0 kg &#8211;     IDH 1263294"},"content":{"rendered":"","protected":false},"excerpt":{"rendered":"<section class=\"image imageBox\"><span data-olk-copy-source=\"MessageBody\">Batch O55D990488 &#8211; \u00a0exp.10.04.27<\/span><\/p>\n<p class=\"legal-image-text ng-star-inserted\">(<span translate=\"\">Known as<\/span>:\u00a0ACHESON ELECTRODAG PF-455BC Dielectric Ink)<\/p>\n<p class=\"legal-image-text ng-star-inserted\">LOCTITE\u00ae EDAG PF 455BC E&amp;C is formulated as a crossover dielectric and is compatible with other EDAG E&amp;C inks.<\/p>\n<\/section>\n<section class=\"info\">\n<section class=\"productDetail__benefits ng-star-inserted\">\n<ul class=\"benefitList ng-star-inserted\">\n<li class=\"ng-star-inserted\">Excellent printability<\/li>\n<li class=\"ng-star-inserted\">Fast UV cure<\/li>\n<li class=\"ng-star-inserted\">Good dielectric strength<\/li>\n<li class=\"ng-star-inserted\">Adheres well to both treated and untreated polyester film<\/li>\n<\/ul>\n<p>(<span translate=\"\">Packaging may vary in form and nature from the presentation)<\/span><\/p>\n<p><span translate=\"\"><i class=\"icon-download\" style=\"\" aria-hidden=\"true\"><\/i><a href=\"https:\/\/afridana.dk\/wp-content\/uploads\/2022\/12\/EDAG-PF-455BC-EC-EN.pdf\" target=\"_blank\" rel=\"noopener\">EDAG PF 455BC EC-EN<\/a><\/span><\/p>\n<\/section>\n<\/section>","protected":false},"featured_media":895,"template":"","meta":{"_acf_changed":false,"content-type":"","inline_featured_image":false},"product_brand":[],"product_cat":[24],"product_tag":[79],"class_list":{"0":"post-621","1":"product","2":"type-product","3":"status-publish","4":"has-post-thumbnail","6":"product_cat-fine-line-printing","7":"product_tag-shop","8":"pa_brand-loctite","9":"pa_producent-henkel","11":"first","12":"instock","13":"shipping-taxable","14":"purchasable","15":"product-type-simple"},"acf":[],"yoast_head":"<!-- This site is optimized with the Yoast SEO plugin v27.6 - https:\/\/yoast.com\/product\/yoast-seo-wordpress\/ -->\n<title>LOCTITE EDAG PF 455BC\/1.0 kg -   IDH 1263294 - Afridana<\/title>\n<meta name=\"robots\" content=\"index, follow, max-snippet:-1, max-image-preview:large, max-video-preview:-1\" \/>\n<link rel=\"canonical\" href=\"https:\/\/afridana.dk\/en\/product\/loctite-edag-pf-455bc-1-0-kg-idh-1263294\/\" \/>\n<meta property=\"og:locale\" content=\"en_US\" \/>\n<meta property=\"og:type\" content=\"article\" \/>\n<meta property=\"og:title\" content=\"LOCTITE EDAG PF 455BC\/1.0 kg -   IDH 1263294 - Afridana\" \/>\n<meta property=\"og:description\" content=\"Batch O55D990488 - \u00a0exp.10.04.27 (Known as:\u00a0ACHESON ELECTRODAG PF-455BC Dielectric Ink) LOCTITE\u00ae EDAG PF 455BC E&amp;C is formulated as a crossover dielectric and is compatible with other EDAG E&amp;C inks.     Excellent printability  Fast UV cure  Good dielectric strength  Adheres well to both treated and untreated polyester film  (Packaging may vary in form and nature from the presentation)  EDAG PF 455BC EC-EN\" \/>\n<meta property=\"og:url\" content=\"https:\/\/afridana.dk\/en\/product\/loctite-edag-pf-455bc-1-0-kg-idh-1263294\/\" \/>\n<meta property=\"og:site_name\" content=\"Afridana\" \/>\n<meta property=\"article:modified_time\" content=\"2026-03-09T11:51:53+00:00\" \/>\n<meta property=\"og:image\" content=\"https:\/\/afridana.dk\/wp-content\/uploads\/2022\/12\/packshot-indv-loctite-edag-pf-455bc-ec-78947-08-2019.webp\" \/>\n\t<meta property=\"og:image:width\" content=\"600\" \/>\n\t<meta property=\"og:image:height\" content=\"600\" \/>\n\t<meta property=\"og:image:type\" content=\"image\/webp\" \/>\n<meta name=\"twitter:card\" content=\"summary_large_image\" \/>\n<meta name=\"twitter:label1\" content=\"Est. reading time\" \/>\n\t<meta name=\"twitter:data1\" content=\"1 minute\" \/>\n<script type=\"application\/ld+json\" class=\"yoast-schema-graph\">{\"@context\":\"https:\\\/\\\/schema.org\",\"@graph\":[{\"@type\":\"WebPage\",\"@id\":\"https:\\\/\\\/afridana.dk\\\/vare\\\/loctite-edag-pf-455bc-1-0-kg-idh-1263294\\\/\",\"url\":\"https:\\\/\\\/afridana.dk\\\/vare\\\/loctite-edag-pf-455bc-1-0-kg-idh-1263294\\\/\",\"name\":\"LOCTITE EDAG PF 455BC\\\/1.0 kg - IDH 1263294 - Afridana\",\"isPartOf\":{\"@id\":\"https:\\\/\\\/afridana.dk\\\/#website\"},\"primaryImageOfPage\":{\"@id\":\"https:\\\/\\\/afridana.dk\\\/vare\\\/loctite-edag-pf-455bc-1-0-kg-idh-1263294\\\/#primaryimage\"},\"image\":{\"@id\":\"https:\\\/\\\/afridana.dk\\\/vare\\\/loctite-edag-pf-455bc-1-0-kg-idh-1263294\\\/#primaryimage\"},\"thumbnailUrl\":\"https:\\\/\\\/afridana.dk\\\/wp-content\\\/uploads\\\/2022\\\/12\\\/packshot-indv-loctite-edag-pf-455bc-ec-78947-08-2019.webp\",\"datePublished\":\"2022-12-06T10:31:43+00:00\",\"dateModified\":\"2026-03-09T11:51:53+00:00\",\"breadcrumb\":{\"@id\":\"https:\\\/\\\/afridana.dk\\\/vare\\\/loctite-edag-pf-455bc-1-0-kg-idh-1263294\\\/#breadcrumb\"},\"inLanguage\":\"en-US\",\"potentialAction\":[{\"@type\":\"ReadAction\",\"target\":[\"https:\\\/\\\/afridana.dk\\\/vare\\\/loctite-edag-pf-455bc-1-0-kg-idh-1263294\\\/\"]}]},{\"@type\":\"ImageObject\",\"inLanguage\":\"en-US\",\"@id\":\"https:\\\/\\\/afridana.dk\\\/vare\\\/loctite-edag-pf-455bc-1-0-kg-idh-1263294\\\/#primaryimage\",\"url\":\"https:\\\/\\\/afridana.dk\\\/wp-content\\\/uploads\\\/2022\\\/12\\\/packshot-indv-loctite-edag-pf-455bc-ec-78947-08-2019.webp\",\"contentUrl\":\"https:\\\/\\\/afridana.dk\\\/wp-content\\\/uploads\\\/2022\\\/12\\\/packshot-indv-loctite-edag-pf-455bc-ec-78947-08-2019.webp\",\"width\":600,\"height\":600},{\"@type\":\"BreadcrumbList\",\"@id\":\"https:\\\/\\\/afridana.dk\\\/vare\\\/loctite-edag-pf-455bc-1-0-kg-idh-1263294\\\/#breadcrumb\",\"itemListElement\":[{\"@type\":\"ListItem\",\"position\":1,\"name\":\"Hjem\",\"item\":\"https:\\\/\\\/afridana.dk\\\/\"},{\"@type\":\"ListItem\",\"position\":2,\"name\":\"Shop\",\"item\":\"https:\\\/\\\/afridana.dk\\\/shop\\\/\"},{\"@type\":\"ListItem\",\"position\":3,\"name\":\"LOCTITE EDAG PF 455BC\\\/1.0 kg &#8211; IDH 1263294\"}]},{\"@type\":\"WebSite\",\"@id\":\"https:\\\/\\\/afridana.dk\\\/#website\",\"url\":\"https:\\\/\\\/afridana.dk\\\/\",\"name\":\"Afridana\",\"description\":\"Landets f\u00f8rende leverand\u00f8rer af polymerer, f\u00e6ldningskemikalier og doseringsanl\u00e6g til kommunale og private rensningsanl\u00e6g.\",\"potentialAction\":[{\"@type\":\"SearchAction\",\"target\":{\"@type\":\"EntryPoint\",\"urlTemplate\":\"https:\\\/\\\/afridana.dk\\\/?s={search_term_string}\"},\"query-input\":{\"@type\":\"PropertyValueSpecification\",\"valueRequired\":true,\"valueName\":\"search_term_string\"}}],\"inLanguage\":\"en-US\"}]}<\/script>\n<!-- \/ Yoast SEO plugin. -->","yoast_head_json":{"title":"LOCTITE EDAG PF 455BC\/1.0 kg -   IDH 1263294 - Afridana","robots":{"index":"index","follow":"follow","max-snippet":"max-snippet:-1","max-image-preview":"max-image-preview:large","max-video-preview":"max-video-preview:-1"},"canonical":"https:\/\/afridana.dk\/en\/product\/loctite-edag-pf-455bc-1-0-kg-idh-1263294\/","og_locale":"en_US","og_type":"article","og_title":"LOCTITE EDAG PF 455BC\/1.0 kg -   IDH 1263294 - Afridana","og_description":"Batch O55D990488 - \u00a0exp.10.04.27 (Known as:\u00a0ACHESON ELECTRODAG PF-455BC Dielectric Ink) LOCTITE\u00ae EDAG PF 455BC E&amp;C is formulated as a crossover dielectric and is compatible with other EDAG E&amp;C inks.     Excellent printability  Fast UV cure  Good dielectric strength  Adheres well to both treated and untreated polyester film  (Packaging may vary in form and nature from the presentation)  EDAG PF 455BC EC-EN","og_url":"https:\/\/afridana.dk\/en\/product\/loctite-edag-pf-455bc-1-0-kg-idh-1263294\/","og_site_name":"Afridana","article_modified_time":"2026-03-09T11:51:53+00:00","og_image":[{"width":600,"height":600,"url":"https:\/\/afridana.dk\/wp-content\/uploads\/2022\/12\/packshot-indv-loctite-edag-pf-455bc-ec-78947-08-2019.webp","type":"image\/webp"}],"twitter_card":"summary_large_image","twitter_misc":{"Est. reading time":"1 minute"},"schema":{"@context":"https:\/\/schema.org","@graph":[{"@type":"WebPage","@id":"https:\/\/afridana.dk\/vare\/loctite-edag-pf-455bc-1-0-kg-idh-1263294\/","url":"https:\/\/afridana.dk\/vare\/loctite-edag-pf-455bc-1-0-kg-idh-1263294\/","name":"LOCTITE EDAG PF 455BC\/1.0 kg - IDH 1263294 - Afridana","isPartOf":{"@id":"https:\/\/afridana.dk\/#website"},"primaryImageOfPage":{"@id":"https:\/\/afridana.dk\/vare\/loctite-edag-pf-455bc-1-0-kg-idh-1263294\/#primaryimage"},"image":{"@id":"https:\/\/afridana.dk\/vare\/loctite-edag-pf-455bc-1-0-kg-idh-1263294\/#primaryimage"},"thumbnailUrl":"https:\/\/afridana.dk\/wp-content\/uploads\/2022\/12\/packshot-indv-loctite-edag-pf-455bc-ec-78947-08-2019.webp","datePublished":"2022-12-06T10:31:43+00:00","dateModified":"2026-03-09T11:51:53+00:00","breadcrumb":{"@id":"https:\/\/afridana.dk\/vare\/loctite-edag-pf-455bc-1-0-kg-idh-1263294\/#breadcrumb"},"inLanguage":"en-US","potentialAction":[{"@type":"ReadAction","target":["https:\/\/afridana.dk\/vare\/loctite-edag-pf-455bc-1-0-kg-idh-1263294\/"]}]},{"@type":"ImageObject","inLanguage":"en-US","@id":"https:\/\/afridana.dk\/vare\/loctite-edag-pf-455bc-1-0-kg-idh-1263294\/#primaryimage","url":"https:\/\/afridana.dk\/wp-content\/uploads\/2022\/12\/packshot-indv-loctite-edag-pf-455bc-ec-78947-08-2019.webp","contentUrl":"https:\/\/afridana.dk\/wp-content\/uploads\/2022\/12\/packshot-indv-loctite-edag-pf-455bc-ec-78947-08-2019.webp","width":600,"height":600},{"@type":"BreadcrumbList","@id":"https:\/\/afridana.dk\/vare\/loctite-edag-pf-455bc-1-0-kg-idh-1263294\/#breadcrumb","itemListElement":[{"@type":"ListItem","position":1,"name":"Hjem","item":"https:\/\/afridana.dk\/"},{"@type":"ListItem","position":2,"name":"Shop","item":"https:\/\/afridana.dk\/shop\/"},{"@type":"ListItem","position":3,"name":"LOCTITE EDAG PF 455BC\/1.0 kg &#8211; IDH 1263294"}]},{"@type":"WebSite","@id":"https:\/\/afridana.dk\/#website","url":"https:\/\/afridana.dk\/","name":"Afridana","description":"Landets f\u00f8rende leverand\u00f8rer af polymerer, f\u00e6ldningskemikalier og doseringsanl\u00e6g til kommunale og private rensningsanl\u00e6g.","potentialAction":[{"@type":"SearchAction","target":{"@type":"EntryPoint","urlTemplate":"https:\/\/afridana.dk\/?s={search_term_string}"},"query-input":{"@type":"PropertyValueSpecification","valueRequired":true,"valueName":"search_term_string"}}],"inLanguage":"en-US"}]}},"_links":{"self":[{"href":"https:\/\/afridana.dk\/en\/wp-json\/wp\/v2\/product\/621","targetHints":{"allow":["GET"]}}],"collection":[{"href":"https:\/\/afridana.dk\/en\/wp-json\/wp\/v2\/product"}],"about":[{"href":"https:\/\/afridana.dk\/en\/wp-json\/wp\/v2\/types\/product"}],"wp:featuredmedia":[{"embeddable":true,"href":"https:\/\/afridana.dk\/en\/wp-json\/wp\/v2\/media\/895"}],"wp:attachment":[{"href":"https:\/\/afridana.dk\/en\/wp-json\/wp\/v2\/media?parent=621"}],"wp:term":[{"taxonomy":"product_brand","embeddable":true,"href":"https:\/\/afridana.dk\/en\/wp-json\/wp\/v2\/product_brand?post=621"},{"taxonomy":"product_cat","embeddable":true,"href":"https:\/\/afridana.dk\/en\/wp-json\/wp\/v2\/product_cat?post=621"},{"taxonomy":"product_tag","embeddable":true,"href":"https:\/\/afridana.dk\/en\/wp-json\/wp\/v2\/product_tag?post=621"}],"curies":[{"name":"wp","href":"https:\/\/api.w.org\/{rel}","templated":true}]}}