{"id":713,"date":"2022-12-06T11:25:23","date_gmt":"2022-12-06T11:25:23","guid":{"rendered":"https:\/\/afridana.lemonmarketing.dk\/?post_type=product&#038;p=713"},"modified":"2025-11-05T16:23:56","modified_gmt":"2025-11-05T16:23:56","slug":"nushine-llf9-1-lb-n008","status":"publish","type":"product","link":"https:\/\/afridana.dk\/en\/product\/nushine-llf9-1-lb-n008\/","title":{"rendered":"NUSHINE llF9 \/ 1 lb. \/ N008"},"content":{"rendered":"<table class=\"avia-table avia-data-table avia-table-1 avia-builder-el-23 el_after_av_button avia-builder-el-last avia_pricing_minimal\">\n<tbody>\n<tr class=\"avia-heading-row\">\n<th class=\"\">PRODUCT<\/th>\n<th class=\"\">EQUIVALENT TO:<\/th>\n<\/tr>\n<tr class=\"\">\n<td class=\"\">NuShine Grade S<br \/>\n(PC2202)<\/td>\n<td class=\"\">XMP-S<br \/>\nBrightworkPolish \u2013 Blue<\/td>\n<\/tr>\n<tr class=\"\">\n<td class=\"\">NuShine Grade A<br \/>\n(PC2204)<\/td>\n<td class=\"\">XMP-F<\/td>\n<\/tr>\n<tr class=\"\">\n<td class=\"\">NuShine Grade C<br \/>\n(PC2206)<\/td>\n<td class=\"\">XMP-M<br \/>\nBrightworkPolish \u2013 White<\/td>\n<\/tr>\n<tr class=\"\">\n<td class=\"\">NuShine Grade G6<br \/>\n(PC2207)<\/td>\n<td class=\"\">XMP-C<\/td>\n<\/tr>\n<tr class=\"\">\n<td class=\"\">NuShine Grade F7<br \/>\n(PC2221)<\/td>\n<td class=\"\">TURCO 1495 LH<\/td>\n<\/tr>\n<tr class=\"\">\n<td class=\"\">NuShine Grade F9<br \/>\n(PC2241)<\/td>\n<td class=\"\">XMP-X<br \/>\nBrightworkPolish \u2013 Red<\/td>\n<\/tr>\n<tr class=\"\">\n<td class=\"\">NuShine Grade F10<\/td>\n<td class=\"\">XMP-T<\/td>\n<\/tr>\n<\/tbody>\n<\/table>","protected":false},"excerpt":{"rendered":"<div class=\"av-special-heading av-special-heading-h1 blockquote modern-quote avia-builder-el-11 el_before_av_textblock avia-builder-el-first av-inherit-size\">\n<div class=\"av-subheading av-subheading_below\">\n<p>Graded metal polishing system from Nuvite Chemical for polishing aircraft aluminium surfaces including aircraft inlets and leading edges.<\/p>\n<\/div>\n<\/div>\n<section class=\"av_textblock_section\">\n<div class=\"avia_textblock\">\n<p><strong>NuShine II\u00a0<\/strong>is a graded system of polishes for both metal and paint finishing that will provide the finest surface finish available. It allows the operator to select the exact grade suitable for the condition of the surface to be polished, be it brand new, oxidized in use, or with atmospheric corrosion. NuShine II not only polishes metals and paints and to an incredibly deep, clear and image-reflecting surface, but also imparts a protective chemical barrier to inhibit corrosive oxidation to the metal. The perfect product for polishing aircraft aluminium or as it is often called, brightwork. Approved by Gulfstream, Bombardier, Embraer, Boeing, Dassault, Honda Jet and most leading aircraft manufacturers for polishing aluminium.<\/p>\n<\/div>\n<\/section>\n<section class=\"av_textblock_section\">\n<div class=\"avia_textblock\">\n<p><strong>Features:<\/strong><\/p>\n<ul>\n<li>Exceptional polish, with oxidation and corrosion removal \u2013 grades from heavy cut to final finish<\/li>\n<li>Imparts extreme clarity to aluminium, brass, copper, steel, etc.<\/li>\n<li>Removes spots, stains, cloudy \u201cunder cast\u201d and orange peel<\/li>\n<li>Preserves and protects substrate from further oxidation<\/li>\n<\/ul>\n<\/div>\n<\/section>\n<section class=\"av_textblock_section\">\n<div class=\"avia_textblock\">\n<p>Sold in 1 US Lb\u00a0 (454 gram) containers.<\/p>\n<\/div>\n<p><i class=\"icon-download\" style=\"\" aria-hidden=\"true\"><\/i> <a href=\"https:\/\/afridana.dk\/wp-content\/uploads\/2022\/12\/SDS-NU-SHINE-II-SAC.pdf\" target=\"_blank\" rel=\"noopener\">SDS-NU-SHINE-II-SAC<\/a><\/p>\n<p><i class=\"icon-download\" style=\"\" aria-hidden=\"true\"><\/i> <a href=\"https:\/\/afridana.dk\/wp-content\/uploads\/2022\/12\/SDS_NU-SHINE-IIG6.pdf\" target=\"_blank\" rel=\"noopener\">SDS_NU-SHINE-IIG6<\/a><\/p>\n<p><i class=\"icon-download\" style=\"\" aria-hidden=\"true\"><\/i> <a href=\"https:\/\/afridana.dk\/wp-content\/uploads\/2022\/12\/SDS_NU-SHINE-II-F7F9F10.pdf\" target=\"_blank\" rel=\"noopener\">SDS_NU-SHINE-II-F7F9F10<\/a><\/p>\n<p><i class=\"icon-download\" style=\"\" aria-hidden=\"true\"><\/i> <a href=\"https:\/\/afridana.dk\/wp-content\/uploads\/2022\/12\/Brightwork-Polishing-2021.pdf\" target=\"_blank\" rel=\"noopener\">Brightwork-Polishing-2021<\/a><\/p>\n<p><i class=\"icon-download\" style=\"\" aria-hidden=\"true\"><\/i> <a href=\"https:\/\/afridana.dk\/wp-content\/uploads\/2022\/12\/TDS-NuShine.pdf\" target=\"_blank\" rel=\"noopener\">TDS-NuShine<\/a><\/p>\n<\/section>","protected":false},"featured_media":997,"template":"","meta":{"_acf_changed":false,"content-type":"","inline_featured_image":false},"product_brand":[],"product_cat":[58],"product_tag":[],"class_list":{"0":"post-713","1":"product","2":"type-product","3":"status-publish","4":"has-post-thumbnail","6":"product_cat-vedligeholdelse-reparation-af-fly","7":"pa_brand-nushine","8":"pa_producent-frasers-aerospace","10":"first","11":"instock","12":"shipping-taxable","13":"product-type-simple"},"acf":[],"yoast_head":"<!-- This site is optimized with the Yoast SEO plugin v27.6 - https:\/\/yoast.com\/product\/yoast-seo-wordpress\/ -->\n<title>NUSHINE llF9 \/ 1 lb. \/ N008 - Afridana<\/title>\n<meta name=\"robots\" content=\"index, follow, max-snippet:-1, max-image-preview:large, max-video-preview:-1\" \/>\n<link rel=\"canonical\" href=\"https:\/\/afridana.dk\/en\/product\/nushine-llf9-1-lb-n008\/\" \/>\n<meta property=\"og:locale\" content=\"en_US\" \/>\n<meta property=\"og:type\" content=\"article\" \/>\n<meta property=\"og:title\" content=\"NUSHINE llF9 \/ 1 lb. \/ N008 - Afridana\" \/>\n<meta property=\"og:description\" content=\"Graded metal polishing system from Nuvite Chemical for polishing aircraft aluminium surfaces including aircraft inlets and leading edges.       NuShine II\u00a0is a graded system of polishes for both metal and paint finishing that will provide the finest surface finish available. It allows the operator to select the exact grade suitable for the condition of the surface to be polished, be it brand new, oxidized in use, or with atmospheric corrosion. NuShine II not only polishes metals and paints and to an incredibly deep, clear and image-reflecting surface, but also imparts a protective chemical barrier to inhibit corrosive oxidation to the metal. The perfect product for polishing aircraft aluminium or as it is often called, brightwork. Approved by Gulfstream, Bombardier, Embraer, Boeing, Dassault, Honda Jet and most leading aircraft manufacturers for polishing aluminium.      Features:   Exceptional polish, with oxidation and corrosion removal \u2013 grades from heavy cut to final finish  Imparts extreme clarity to aluminium, brass, copper, steel, etc.  Removes spots, stains, cloudy \u201cunder cast\u201d and orange peel  Preserves and protects substrate from further oxidation      Sold in 1 US Lb\u00a0 (454 gram) containers.    SDS-NU-SHINE-II-SAC   SDS_NU-SHINE-IIG6   SDS_NU-SHINE-II-F7F9F10   Brightwork-Polishing-2021   TDS-NuShine\" \/>\n<meta property=\"og:url\" content=\"https:\/\/afridana.dk\/en\/product\/nushine-llf9-1-lb-n008\/\" \/>\n<meta property=\"og:site_name\" content=\"Afridana\" \/>\n<meta property=\"article:modified_time\" content=\"2025-11-05T16:23:56+00:00\" \/>\n<meta property=\"og:image\" content=\"https:\/\/afridana.dk\/wp-content\/uploads\/2022\/12\/produkt_afridana.png\" \/>\n\t<meta property=\"og:image:width\" content=\"600\" \/>\n\t<meta property=\"og:image:height\" content=\"600\" \/>\n\t<meta property=\"og:image:type\" content=\"image\/png\" \/>\n<meta name=\"twitter:card\" content=\"summary_large_image\" \/>\n<meta name=\"twitter:label1\" content=\"Est. reading time\" \/>\n\t<meta name=\"twitter:data1\" content=\"1 minute\" \/>\n<script type=\"application\/ld+json\" class=\"yoast-schema-graph\">{\"@context\":\"https:\\\/\\\/schema.org\",\"@graph\":[{\"@type\":\"WebPage\",\"@id\":\"https:\\\/\\\/afridana.dk\\\/vare\\\/nushine-llf9-1-lb-n008\\\/\",\"url\":\"https:\\\/\\\/afridana.dk\\\/vare\\\/nushine-llf9-1-lb-n008\\\/\",\"name\":\"NUSHINE llF9 \\\/ 1 lb. \\\/ N008 - Afridana\",\"isPartOf\":{\"@id\":\"https:\\\/\\\/afridana.dk\\\/#website\"},\"primaryImageOfPage\":{\"@id\":\"https:\\\/\\\/afridana.dk\\\/vare\\\/nushine-llf9-1-lb-n008\\\/#primaryimage\"},\"image\":{\"@id\":\"https:\\\/\\\/afridana.dk\\\/vare\\\/nushine-llf9-1-lb-n008\\\/#primaryimage\"},\"thumbnailUrl\":\"https:\\\/\\\/afridana.dk\\\/wp-content\\\/uploads\\\/2022\\\/12\\\/produkt_afridana.png\",\"datePublished\":\"2022-12-06T11:25:23+00:00\",\"dateModified\":\"2025-11-05T16:23:56+00:00\",\"breadcrumb\":{\"@id\":\"https:\\\/\\\/afridana.dk\\\/vare\\\/nushine-llf9-1-lb-n008\\\/#breadcrumb\"},\"inLanguage\":\"en-US\",\"potentialAction\":[{\"@type\":\"ReadAction\",\"target\":[\"https:\\\/\\\/afridana.dk\\\/vare\\\/nushine-llf9-1-lb-n008\\\/\"]}]},{\"@type\":\"ImageObject\",\"inLanguage\":\"en-US\",\"@id\":\"https:\\\/\\\/afridana.dk\\\/vare\\\/nushine-llf9-1-lb-n008\\\/#primaryimage\",\"url\":\"https:\\\/\\\/afridana.dk\\\/wp-content\\\/uploads\\\/2022\\\/12\\\/produkt_afridana.png\",\"contentUrl\":\"https:\\\/\\\/afridana.dk\\\/wp-content\\\/uploads\\\/2022\\\/12\\\/produkt_afridana.png\",\"width\":600,\"height\":600},{\"@type\":\"BreadcrumbList\",\"@id\":\"https:\\\/\\\/afridana.dk\\\/vare\\\/nushine-llf9-1-lb-n008\\\/#breadcrumb\",\"itemListElement\":[{\"@type\":\"ListItem\",\"position\":1,\"name\":\"Hjem\",\"item\":\"https:\\\/\\\/afridana.dk\\\/\"},{\"@type\":\"ListItem\",\"position\":2,\"name\":\"Shop\",\"item\":\"https:\\\/\\\/afridana.dk\\\/shop\\\/\"},{\"@type\":\"ListItem\",\"position\":3,\"name\":\"NUSHINE llF9 \\\/ 1 lb. \\\/ N008\"}]},{\"@type\":\"WebSite\",\"@id\":\"https:\\\/\\\/afridana.dk\\\/#website\",\"url\":\"https:\\\/\\\/afridana.dk\\\/\",\"name\":\"Afridana\",\"description\":\"Landets f\u00f8rende leverand\u00f8rer af polymerer, f\u00e6ldningskemikalier og doseringsanl\u00e6g til kommunale og private rensningsanl\u00e6g.\",\"potentialAction\":[{\"@type\":\"SearchAction\",\"target\":{\"@type\":\"EntryPoint\",\"urlTemplate\":\"https:\\\/\\\/afridana.dk\\\/?s={search_term_string}\"},\"query-input\":{\"@type\":\"PropertyValueSpecification\",\"valueRequired\":true,\"valueName\":\"search_term_string\"}}],\"inLanguage\":\"en-US\"}]}<\/script>\n<!-- \/ Yoast SEO plugin. -->","yoast_head_json":{"title":"NUSHINE llF9 \/ 1 lb. \/ N008 - Afridana","robots":{"index":"index","follow":"follow","max-snippet":"max-snippet:-1","max-image-preview":"max-image-preview:large","max-video-preview":"max-video-preview:-1"},"canonical":"https:\/\/afridana.dk\/en\/product\/nushine-llf9-1-lb-n008\/","og_locale":"en_US","og_type":"article","og_title":"NUSHINE llF9 \/ 1 lb. \/ N008 - Afridana","og_description":"Graded metal polishing system from Nuvite Chemical for polishing aircraft aluminium surfaces including aircraft inlets and leading edges.       NuShine II\u00a0is a graded system of polishes for both metal and paint finishing that will provide the finest surface finish available. It allows the operator to select the exact grade suitable for the condition of the surface to be polished, be it brand new, oxidized in use, or with atmospheric corrosion. NuShine II not only polishes metals and paints and to an incredibly deep, clear and image-reflecting surface, but also imparts a protective chemical barrier to inhibit corrosive oxidation to the metal. The perfect product for polishing aircraft aluminium or as it is often called, brightwork. Approved by Gulfstream, Bombardier, Embraer, Boeing, Dassault, Honda Jet and most leading aircraft manufacturers for polishing aluminium.      Features:   Exceptional polish, with oxidation and corrosion removal \u2013 grades from heavy cut to final finish  Imparts extreme clarity to aluminium, brass, copper, steel, etc.  Removes spots, stains, cloudy \u201cunder cast\u201d and orange peel  Preserves and protects substrate from further oxidation      Sold in 1 US Lb\u00a0 (454 gram) containers.    SDS-NU-SHINE-II-SAC   SDS_NU-SHINE-IIG6   SDS_NU-SHINE-II-F7F9F10   Brightwork-Polishing-2021   TDS-NuShine","og_url":"https:\/\/afridana.dk\/en\/product\/nushine-llf9-1-lb-n008\/","og_site_name":"Afridana","article_modified_time":"2025-11-05T16:23:56+00:00","og_image":[{"width":600,"height":600,"url":"https:\/\/afridana.dk\/wp-content\/uploads\/2022\/12\/produkt_afridana.png","type":"image\/png"}],"twitter_card":"summary_large_image","twitter_misc":{"Est. reading time":"1 minute"},"schema":{"@context":"https:\/\/schema.org","@graph":[{"@type":"WebPage","@id":"https:\/\/afridana.dk\/vare\/nushine-llf9-1-lb-n008\/","url":"https:\/\/afridana.dk\/vare\/nushine-llf9-1-lb-n008\/","name":"NUSHINE llF9 \/ 1 lb. \/ N008 - Afridana","isPartOf":{"@id":"https:\/\/afridana.dk\/#website"},"primaryImageOfPage":{"@id":"https:\/\/afridana.dk\/vare\/nushine-llf9-1-lb-n008\/#primaryimage"},"image":{"@id":"https:\/\/afridana.dk\/vare\/nushine-llf9-1-lb-n008\/#primaryimage"},"thumbnailUrl":"https:\/\/afridana.dk\/wp-content\/uploads\/2022\/12\/produkt_afridana.png","datePublished":"2022-12-06T11:25:23+00:00","dateModified":"2025-11-05T16:23:56+00:00","breadcrumb":{"@id":"https:\/\/afridana.dk\/vare\/nushine-llf9-1-lb-n008\/#breadcrumb"},"inLanguage":"en-US","potentialAction":[{"@type":"ReadAction","target":["https:\/\/afridana.dk\/vare\/nushine-llf9-1-lb-n008\/"]}]},{"@type":"ImageObject","inLanguage":"en-US","@id":"https:\/\/afridana.dk\/vare\/nushine-llf9-1-lb-n008\/#primaryimage","url":"https:\/\/afridana.dk\/wp-content\/uploads\/2022\/12\/produkt_afridana.png","contentUrl":"https:\/\/afridana.dk\/wp-content\/uploads\/2022\/12\/produkt_afridana.png","width":600,"height":600},{"@type":"BreadcrumbList","@id":"https:\/\/afridana.dk\/vare\/nushine-llf9-1-lb-n008\/#breadcrumb","itemListElement":[{"@type":"ListItem","position":1,"name":"Hjem","item":"https:\/\/afridana.dk\/"},{"@type":"ListItem","position":2,"name":"Shop","item":"https:\/\/afridana.dk\/shop\/"},{"@type":"ListItem","position":3,"name":"NUSHINE llF9 \/ 1 lb. \/ N008"}]},{"@type":"WebSite","@id":"https:\/\/afridana.dk\/#website","url":"https:\/\/afridana.dk\/","name":"Afridana","description":"Landets f\u00f8rende leverand\u00f8rer af polymerer, f\u00e6ldningskemikalier og doseringsanl\u00e6g til kommunale og private rensningsanl\u00e6g.","potentialAction":[{"@type":"SearchAction","target":{"@type":"EntryPoint","urlTemplate":"https:\/\/afridana.dk\/?s={search_term_string}"},"query-input":{"@type":"PropertyValueSpecification","valueRequired":true,"valueName":"search_term_string"}}],"inLanguage":"en-US"}]}},"_links":{"self":[{"href":"https:\/\/afridana.dk\/en\/wp-json\/wp\/v2\/product\/713","targetHints":{"allow":["GET"]}}],"collection":[{"href":"https:\/\/afridana.dk\/en\/wp-json\/wp\/v2\/product"}],"about":[{"href":"https:\/\/afridana.dk\/en\/wp-json\/wp\/v2\/types\/product"}],"wp:featuredmedia":[{"embeddable":true,"href":"https:\/\/afridana.dk\/en\/wp-json\/wp\/v2\/media\/997"}],"wp:attachment":[{"href":"https:\/\/afridana.dk\/en\/wp-json\/wp\/v2\/media?parent=713"}],"wp:term":[{"taxonomy":"product_brand","embeddable":true,"href":"https:\/\/afridana.dk\/en\/wp-json\/wp\/v2\/product_brand?post=713"},{"taxonomy":"product_cat","embeddable":true,"href":"https:\/\/afridana.dk\/en\/wp-json\/wp\/v2\/product_cat?post=713"},{"taxonomy":"product_tag","embeddable":true,"href":"https:\/\/afridana.dk\/en\/wp-json\/wp\/v2\/product_tag?post=713"}],"curies":[{"name":"wp","href":"https:\/\/api.w.org\/{rel}","templated":true}]}}